{"id":108,"date":"2019-12-12T09:50:11","date_gmt":"2019-12-12T08:50:11","guid":{"rendered":"https:\/\/demos.peeayecreative.com\/construction\/?page_id=1960"},"modified":"2023-02-14T12:22:00","modified_gmt":"2023-02-14T11:22:00","slug":"instandhaltung","status":"publish","type":"page","link":"https:\/\/dg-industries.net\/en\/montage\/instandhaltung\/","title":{"rendered":"Maintenance works"},"content":{"rendered":"<p>[et_pb_section fb_built=&#8220;1&#8243; module_class=&#8220;pa-hover-gallery&#8220; _builder_version=&#8220;4.16&#8243; custom_padding=&#8220;0px||0px|||&#8220; bottom_divider_color=&#8220;#444444&#8243; global_colors_info=&#8220;{}&#8220; theme_builder_area=&#8220;post_content&#8220;][et_pb_row module_class=&#8220;custom_row&#8220; _builder_version=&#8220;4.16&#8243; width=&#8220;100%&#8220; max_width=&#8220;100%&#8220; custom_padding=&#8220;0px||0px|||&#8220; global_colors_info=&#8220;{}&#8220; theme_builder_area=&#8220;post_content&#8220;][et_pb_column type=&#8220;4_4&#8243; module_class=&#8220;first-on-mobile&#8220; _builder_version=&#8220;4.16&#8243; custom_padding=&#8220;|||&#8220; global_colors_info=&#8220;{}&#8220; custom_padding__hover=&#8220;|||&#8220; theme_builder_area=&#8220;post_content&#8220;][et_pb_text quote_border_weight=&#8220;4px&#8220; quote_border_color=&#8220;#eace2c&#8220; _builder_version=&#8220;4.17.4&#8243; text_font=&#8220;||||||||&#8220; text_line_height=&#8220;1.9em&#8220; link_font=&#8220;||||on||||&#8220; quote_font=&#8220;|700|||||||&#8220; quote_text_color=&#8220;#222222&#8243; quote_font_size=&#8220;24px&#8220; header_font_size=&#8220;48px&#8220; header_2_text_color=&#8220;#111111&#8243; text_orientation=&#8220;justified&#8220; hover_enabled=&#8220;0&#8243; header_font_size_tablet=&#8220;36px&#8220; header_font_size_phone=&#8220;30px&#8220; custom_css_main_element=&#8220;font-weight:400;&#8220; global_colors_info=&#8220;{}&#8220; theme_builder_area=&#8220;post_content&#8220; sticky_enabled=&#8220;0&#8243;]<\/p>\n<h2>Ihr Spezialist f\u00fcr <strong>Maschineninstandhaltung<\/strong><\/h2>\n<p><span style=\"font-size: 18px;\">DG-Industries ist Ihr erfahrener Partner f\u00fcr professionelle <a href=\"\/montage\/instandhaltung\">Maschineninstandhaltung <\/a>und weltweit f\u00fcr Sie im Einsatz. Die Instandhaltung Ihrer Produktionsanlagen ist \u00fcberlebenswichtig, wenn es um Ihren wirtschaftlichen Erfolg geht. Lange Reparaturzeiten, unvorhergesehene Ausf\u00e4lle und daraus resultierende Sicherheitsl\u00fccken kann sich kein Unternehmen leisten \u2013 besonders in Zeiten des globalen Wettbewerbs. Wir pr\u00fcfen und warten Ihre eingesetzten Maschinen; das verl\u00e4ngert nicht nur die Standzeit, sondern <strong>sichert auch die<\/strong> <strong>Qualit\u00e4t Ihrer Produktionsprozesse<\/strong>. Von turnusm\u00e4\u00dfigen Wartungsarbeiten bis hin zur General\u00fcberholung von Inventar stehen wir Ihnen jederzeit zur Verf\u00fcgung.<\/span><span style=\"font-size: 18px;\"><\/span><\/p>\n<p>Notwendige Ma\u00dfnahmen f\u00fcr die Maschineninstandhaltung f\u00fchren wir wahlweise <strong>vor Ort oder an unserem Firmenstandort in Magdeburg<\/strong> durch. Unsere Fachkr\u00e4fte sind flexibel, effizient und global f\u00fcr Sie unterwegs. Unabh\u00e4ngig von Ihrer Branche stehen wir Ihnen gern zur Seite, wenn es darum geht, in regelm\u00e4\u00dfigen Abst\u00e4nden Ihre Maschinen und Anlagen zu \u00fcberpr\u00fcfen.\u00a0<span style=\"font-size: 18px;\"><\/span><\/p>\n<blockquote cite=\"http:\/\/loripsum.net\">\n<p>Sie stehen unter Zeitdruck? Wir sind f\u00fcr Sie in Bereitschaft. W\u00e4hlen Sie unsere <a href=\"\/konakt\/\">24-Stunden-Hotline<\/a>.<\/p>\n<\/blockquote>\n<p>Durch das Einhalten eines regelm\u00e4\u00dfigen Wartungsplans verhindern Sie vermeidbare St\u00f6rungen Ihres Betriebsablauf. Mit <a href=\"https:\/\/dg-industries.net\">DG-Industries<\/a> verlassen Sie sich auf einen erfahrenen Partner, wenn es um die \u00dcbernahme professioneller Reparaturen und die Modernisierung Ihres Maschinenparks geht. Denn wir investieren nicht nur in hochmodernes Werkzeug und Technologien, sondern auch in die regelm\u00e4\u00dfige Schulung unserer qualifizierten Fachkr\u00e4fte.<\/p>\n<p>Neben unserem Service f\u00fcr Maschineninstandhaltung bieten wir Ihnen auch die <a href=\"\/montage\/instandsetzung\">Instandsetzung <\/a>und \u00dcberholung (Retrofit) von Maschinen s\u00e4mtlicher Typen. Auch die Beschaffung und Produktion\/Fertigung von Ersatzteilen geh\u00f6rt zu unseren Leistungen. Schlie\u00dflich stellt die <a href=\"\/fertigung\/\">Fertigung <\/a>neben dem <a href=\"\/prototypenbau\/\">Prototypenbau <\/a>einen unserer drei Hauptgesch\u00e4ftszweige dar, mit denen wir unseren Kunden vollumf\u00e4ngliche L\u00f6sungen aus einer Hand bieten.<\/p>\n<p><strong>Unser Einsatz ist Ihr Gewinn:<\/strong><\/p>\n<ul>\n<ul>\n<li>Steigerung der Lebensdauer und optimale Nutzung der Anlagenteile<\/li>\n<li>Steigerung der Anlagenverf\u00fcgbarkeit<\/li>\n<li>Reduzierung von Kosten<\/li>\n<li>Verbesserung der Betriebssicherheit<\/li>\n<\/ul>\n<\/ul>\n<p>[\/et_pb_text][et_pb_gallery gallery_ids=&#8220;529,328&#8243; posts_number=&#8220;10&#8243; show_title_and_caption=&#8220;off&#8220; show_pagination=&#8220;off&#8220; zoom_icon_color=&#8220;rgba(0,0,0,0)&#8220; hover_overlay_color=&#8220;rgba(0,0,0,0)&#8220; admin_label=&#8220;Gallery (10 Images Total)&#8220; _builder_version=&#8220;4.17.4&#8243; title_font=&#8220;|||on|||||&#8220; title_text_align=&#8220;center&#8220; title_font_size=&#8220;20px&#8220; title_letter_spacing=&#8220;1px&#8220; title_line_height=&#8220;1.3em&#8220; caption_font=&#8220;||||||||&#8220; caption_font_size=&#8220;16px&#8220; text_orientation=&#8220;center&#8220; background_layout=&#8220;dark&#8220; animation_style=&#8220;fade&#8220; animation_direction=&#8220;bottom&#8220; title_font_size_tablet=&#8220;18px&#8220; title_font_size_phone=&#8220;16px&#8220; title_font_size_last_edited=&#8220;on|phone&#8220; caption_font_size_tablet=&#8220;12px&#8220; caption_font_size_phone=&#8220;12px&#8220; caption_font_size_last_edited=&#8220;on|phone&#8220; global_colors_info=&#8220;{}&#8220; theme_builder_area=&#8220;post_content&#8220;][\/et_pb_gallery][et_pb_gallery gallery_ids=&#8220;4381625,4381626,4381628,4381631,4381503,4381502,4381506&#8243; posts_number=&#8220;18&#8243; show_title_and_caption=&#8220;off&#8220; show_pagination=&#8220;off&#8220; zoom_icon_color=&#8220;#ff5e15&#8243; hover_overlay_color=&#8220;rgba(18,28,69,0.5)&#8220; module_class=&#8220;pa-partner-gallery&#8220; _builder_version=&#8220;4.16&#8243; global_colors_info=&#8220;{}&#8220; theme_builder_area=&#8220;post_content&#8220;][\/et_pb_gallery][\/et_pb_column][\/et_pb_row][\/et_pb_section]<\/p>\n","protected":false},"excerpt":{"rendered":"<p>Ihr Spezialist f\u00fcr Maschineninstandhaltung DG-Industries ist Ihr erfahrener Partner f\u00fcr professionelle Maschineninstandhaltung und weltweit f\u00fcr Sie im Einsatz. Die Instandhaltung Ihrer Produktionsanlagen ist \u00fcberlebenswichtig, wenn es um Ihren wirtschaftlichen Erfolg geht. Lange Reparaturzeiten, unvorhergesehene Ausf\u00e4lle und daraus resultierende Sicherheitsl\u00fccken kann sich kein Unternehmen leisten \u2013 besonders in Zeiten des globalen Wettbewerbs. Wir pr\u00fcfen und warten [&hellip;]<\/p>\n","protected":false},"author":2,"featured_media":340,"parent":131,"menu_order":0,"comment_status":"closed","ping_status":"closed","template":"","meta":{"_et_pb_use_builder":"on","_et_pb_old_content":"","_et_gb_content_width":"","footnotes":""},"class_list":["post-108","page","type-page","status-publish","has-post-thumbnail","hentry"],"yoast_head":"<!-- This site is optimized with the Yoast SEO plugin v27.3 - https:\/\/yoast.com\/product\/yoast-seo-wordpress\/ -->\n<title>Instandhaltung &#8226; DG-Industries Group<\/title>\n<meta name=\"robots\" content=\"index, follow, max-snippet:-1, max-image-preview:large, max-video-preview:-1\" \/>\n<link rel=\"canonical\" href=\"https:\/\/dg-industries.net\/en\/montage\/instandhaltung\/\" \/>\n<meta property=\"og:locale\" content=\"en_GB\" \/>\n<meta property=\"og:type\" content=\"article\" \/>\n<meta property=\"og:title\" content=\"Instandhaltung &#8226; DG-Industries Group\" \/>\n<meta property=\"og:description\" content=\"Ihr Spezialist f\u00fcr Maschineninstandhaltung DG-Industries ist Ihr erfahrener Partner f\u00fcr professionelle Maschineninstandhaltung und weltweit f\u00fcr Sie im Einsatz. Die Instandhaltung Ihrer Produktionsanlagen ist \u00fcberlebenswichtig, wenn es um Ihren wirtschaftlichen Erfolg geht. Lange Reparaturzeiten, unvorhergesehene Ausf\u00e4lle und daraus resultierende Sicherheitsl\u00fccken kann sich kein Unternehmen leisten \u2013 besonders in Zeiten des globalen Wettbewerbs. Wir pr\u00fcfen und warten [&hellip;]\" \/>\n<meta property=\"og:url\" content=\"https:\/\/dg-industries.net\/en\/montage\/instandhaltung\/\" \/>\n<meta property=\"og:site_name\" content=\"DG-Industries Group\" \/>\n<meta property=\"article:publisher\" content=\"https:\/\/www.facebook.com\/dgindustries.gmbh\" \/>\n<meta property=\"article:modified_time\" content=\"2023-02-14T11:22:00+00:00\" \/>\n<meta property=\"og:image\" content=\"https:\/\/dg-industries.net\/wp-content\/uploads\/2022\/09\/instandhaltung-deutschland.jpg\" \/>\n\t<meta property=\"og:image:width\" content=\"1080\" \/>\n\t<meta property=\"og:image:height\" content=\"701\" \/>\n\t<meta property=\"og:image:type\" content=\"image\/jpeg\" \/>\n<meta name=\"twitter:card\" content=\"summary_large_image\" \/>\n<meta name=\"twitter:site\" content=\"@dgrobotic\" \/>\n<meta name=\"twitter:label1\" content=\"Estimated reading time\" \/>\n\t<meta name=\"twitter:data1\" content=\"3 minutes\" \/>\n<script type=\"application\/ld+json\" class=\"yoast-schema-graph\">{\"@context\":\"https:\\\/\\\/schema.org\",\"@graph\":[{\"@type\":\"WebPage\",\"@id\":\"https:\\\/\\\/dg-industries.net\\\/montage\\\/instandhaltung\\\/\",\"url\":\"https:\\\/\\\/dg-industries.net\\\/montage\\\/instandhaltung\\\/\",\"name\":\"Instandhaltung &#8226; DG-Industries Group\",\"isPartOf\":{\"@id\":\"https:\\\/\\\/dg-industries.net\\\/#website\"},\"primaryImageOfPage\":{\"@id\":\"https:\\\/\\\/dg-industries.net\\\/montage\\\/instandhaltung\\\/#primaryimage\"},\"image\":{\"@id\":\"https:\\\/\\\/dg-industries.net\\\/montage\\\/instandhaltung\\\/#primaryimage\"},\"thumbnailUrl\":\"https:\\\/\\\/dg-industries.net\\\/wp-content\\\/uploads\\\/2022\\\/09\\\/instandhaltung-deutschland.jpg\",\"datePublished\":\"2019-12-12T08:50:11+00:00\",\"dateModified\":\"2023-02-14T11:22:00+00:00\",\"breadcrumb\":{\"@id\":\"https:\\\/\\\/dg-industries.net\\\/montage\\\/instandhaltung\\\/#breadcrumb\"},\"inLanguage\":\"en-GB\",\"potentialAction\":[{\"@type\":\"ReadAction\",\"target\":[\"https:\\\/\\\/dg-industries.net\\\/montage\\\/instandhaltung\\\/\"]}]},{\"@type\":\"ImageObject\",\"inLanguage\":\"en-GB\",\"@id\":\"https:\\\/\\\/dg-industries.net\\\/montage\\\/instandhaltung\\\/#primaryimage\",\"url\":\"https:\\\/\\\/dg-industries.net\\\/wp-content\\\/uploads\\\/2022\\\/09\\\/instandhaltung-deutschland.jpg\",\"contentUrl\":\"https:\\\/\\\/dg-industries.net\\\/wp-content\\\/uploads\\\/2022\\\/09\\\/instandhaltung-deutschland.jpg\",\"width\":1080,\"height\":701,\"caption\":\"instandhaltung-deutschland\"},{\"@type\":\"BreadcrumbList\",\"@id\":\"https:\\\/\\\/dg-industries.net\\\/montage\\\/instandhaltung\\\/#breadcrumb\",\"itemListElement\":[{\"@type\":\"ListItem\",\"position\":1,\"name\":\"Startseite\",\"item\":\"https:\\\/\\\/dg-industries.net\\\/\"},{\"@type\":\"ListItem\",\"position\":2,\"name\":\"Montage\",\"item\":\"https:\\\/\\\/dg-industries.net\\\/montage\\\/\"},{\"@type\":\"ListItem\",\"position\":3,\"name\":\"Instandhaltung\"}]},{\"@type\":\"WebSite\",\"@id\":\"https:\\\/\\\/dg-industries.net\\\/#website\",\"url\":\"https:\\\/\\\/dg-industries.net\\\/\",\"name\":\"DG-Industries: Automation and Robotic Solutions\",\"description\":\"\",\"publisher\":{\"@id\":\"https:\\\/\\\/dg-industries.net\\\/#organization\"},\"potentialAction\":[{\"@type\":\"SearchAction\",\"target\":{\"@type\":\"EntryPoint\",\"urlTemplate\":\"https:\\\/\\\/dg-industries.net\\\/?s={search_term_string}\"},\"query-input\":{\"@type\":\"PropertyValueSpecification\",\"valueRequired\":true,\"valueName\":\"search_term_string\"}}],\"inLanguage\":\"en-GB\"},{\"@type\":\"Organization\",\"@id\":\"https:\\\/\\\/dg-industries.net\\\/#organization\",\"name\":\"DG-Industries: Automation and Robotic Solutions\",\"url\":\"https:\\\/\\\/dg-industries.net\\\/\",\"logo\":{\"@type\":\"ImageObject\",\"inLanguage\":\"en-GB\",\"@id\":\"https:\\\/\\\/dg-industries.net\\\/#\\\/schema\\\/logo\\\/image\\\/\",\"url\":\"https:\\\/\\\/dg-industries.net\\\/wp-content\\\/uploads\\\/2022\\\/11\\\/dgi-logo-shwarz.png\",\"contentUrl\":\"https:\\\/\\\/dg-industries.net\\\/wp-content\\\/uploads\\\/2022\\\/11\\\/dgi-logo-shwarz.png\",\"width\":1599,\"height\":349,\"caption\":\"DG-Industries: Automation and Robotic Solutions\"},\"image\":{\"@id\":\"https:\\\/\\\/dg-industries.net\\\/#\\\/schema\\\/logo\\\/image\\\/\"},\"sameAs\":[\"https:\\\/\\\/www.facebook.com\\\/dgindustries.gmbh\",\"https:\\\/\\\/x.com\\\/dgrobotic\",\"https:\\\/\\\/www.instagram.com\\\/dgindustries.gmbh\\\/\",\"https:\\\/\\\/www.linkedin.com\\\/company\\\/dg-industries-gmbh\"]}]}<\/script>\n<!-- \/ Yoast SEO plugin. -->","yoast_head_json":{"title":"Instandhaltung &#8226; DG-Industries Group","robots":{"index":"index","follow":"follow","max-snippet":"max-snippet:-1","max-image-preview":"max-image-preview:large","max-video-preview":"max-video-preview:-1"},"canonical":"https:\/\/dg-industries.net\/en\/montage\/instandhaltung\/","og_locale":"en_GB","og_type":"article","og_title":"Instandhaltung &#8226; DG-Industries Group","og_description":"Ihr Spezialist f\u00fcr Maschineninstandhaltung DG-Industries ist Ihr erfahrener Partner f\u00fcr professionelle Maschineninstandhaltung und weltweit f\u00fcr Sie im Einsatz. Die Instandhaltung Ihrer Produktionsanlagen ist \u00fcberlebenswichtig, wenn es um Ihren wirtschaftlichen Erfolg geht. Lange Reparaturzeiten, unvorhergesehene Ausf\u00e4lle und daraus resultierende Sicherheitsl\u00fccken kann sich kein Unternehmen leisten \u2013 besonders in Zeiten des globalen Wettbewerbs. Wir pr\u00fcfen und warten [&hellip;]","og_url":"https:\/\/dg-industries.net\/en\/montage\/instandhaltung\/","og_site_name":"DG-Industries Group","article_publisher":"https:\/\/www.facebook.com\/dgindustries.gmbh","article_modified_time":"2023-02-14T11:22:00+00:00","og_image":[{"width":1080,"height":701,"url":"https:\/\/dg-industries.net\/wp-content\/uploads\/2022\/09\/instandhaltung-deutschland.jpg","type":"image\/jpeg"}],"twitter_card":"summary_large_image","twitter_site":"@dgrobotic","twitter_misc":{"Estimated reading time":"3 minutes"},"schema":{"@context":"https:\/\/schema.org","@graph":[{"@type":"WebPage","@id":"https:\/\/dg-industries.net\/montage\/instandhaltung\/","url":"https:\/\/dg-industries.net\/montage\/instandhaltung\/","name":"Instandhaltung &#8226; DG-Industries Group","isPartOf":{"@id":"https:\/\/dg-industries.net\/#website"},"primaryImageOfPage":{"@id":"https:\/\/dg-industries.net\/montage\/instandhaltung\/#primaryimage"},"image":{"@id":"https:\/\/dg-industries.net\/montage\/instandhaltung\/#primaryimage"},"thumbnailUrl":"https:\/\/dg-industries.net\/wp-content\/uploads\/2022\/09\/instandhaltung-deutschland.jpg","datePublished":"2019-12-12T08:50:11+00:00","dateModified":"2023-02-14T11:22:00+00:00","breadcrumb":{"@id":"https:\/\/dg-industries.net\/montage\/instandhaltung\/#breadcrumb"},"inLanguage":"en-GB","potentialAction":[{"@type":"ReadAction","target":["https:\/\/dg-industries.net\/montage\/instandhaltung\/"]}]},{"@type":"ImageObject","inLanguage":"en-GB","@id":"https:\/\/dg-industries.net\/montage\/instandhaltung\/#primaryimage","url":"https:\/\/dg-industries.net\/wp-content\/uploads\/2022\/09\/instandhaltung-deutschland.jpg","contentUrl":"https:\/\/dg-industries.net\/wp-content\/uploads\/2022\/09\/instandhaltung-deutschland.jpg","width":1080,"height":701,"caption":"instandhaltung-deutschland"},{"@type":"BreadcrumbList","@id":"https:\/\/dg-industries.net\/montage\/instandhaltung\/#breadcrumb","itemListElement":[{"@type":"ListItem","position":1,"name":"Startseite","item":"https:\/\/dg-industries.net\/"},{"@type":"ListItem","position":2,"name":"Montage","item":"https:\/\/dg-industries.net\/montage\/"},{"@type":"ListItem","position":3,"name":"Instandhaltung"}]},{"@type":"WebSite","@id":"https:\/\/dg-industries.net\/#website","url":"https:\/\/dg-industries.net\/","name":"DG-Industries: Automation and Robotic Solutions","description":"","publisher":{"@id":"https:\/\/dg-industries.net\/#organization"},"potentialAction":[{"@type":"SearchAction","target":{"@type":"EntryPoint","urlTemplate":"https:\/\/dg-industries.net\/?s={search_term_string}"},"query-input":{"@type":"PropertyValueSpecification","valueRequired":true,"valueName":"search_term_string"}}],"inLanguage":"en-GB"},{"@type":"Organization","@id":"https:\/\/dg-industries.net\/#organization","name":"DG-Industries: Automation and Robotic Solutions","url":"https:\/\/dg-industries.net\/","logo":{"@type":"ImageObject","inLanguage":"en-GB","@id":"https:\/\/dg-industries.net\/#\/schema\/logo\/image\/","url":"https:\/\/dg-industries.net\/wp-content\/uploads\/2022\/11\/dgi-logo-shwarz.png","contentUrl":"https:\/\/dg-industries.net\/wp-content\/uploads\/2022\/11\/dgi-logo-shwarz.png","width":1599,"height":349,"caption":"DG-Industries: Automation and Robotic Solutions"},"image":{"@id":"https:\/\/dg-industries.net\/#\/schema\/logo\/image\/"},"sameAs":["https:\/\/www.facebook.com\/dgindustries.gmbh","https:\/\/x.com\/dgrobotic","https:\/\/www.instagram.com\/dgindustries.gmbh\/","https:\/\/www.linkedin.com\/company\/dg-industries-gmbh"]}]}},"_links":{"self":[{"href":"https:\/\/dg-industries.net\/en\/wp-json\/wp\/v2\/pages\/108","targetHints":{"allow":["GET"]}}],"collection":[{"href":"https:\/\/dg-industries.net\/en\/wp-json\/wp\/v2\/pages"}],"about":[{"href":"https:\/\/dg-industries.net\/en\/wp-json\/wp\/v2\/types\/page"}],"author":[{"embeddable":true,"href":"https:\/\/dg-industries.net\/en\/wp-json\/wp\/v2\/users\/2"}],"replies":[{"embeddable":true,"href":"https:\/\/dg-industries.net\/en\/wp-json\/wp\/v2\/comments?post=108"}],"version-history":[{"count":14,"href":"https:\/\/dg-industries.net\/en\/wp-json\/wp\/v2\/pages\/108\/revisions"}],"predecessor-version":[{"id":1872,"href":"https:\/\/dg-industries.net\/en\/wp-json\/wp\/v2\/pages\/108\/revisions\/1872"}],"up":[{"embeddable":true,"href":"https:\/\/dg-industries.net\/en\/wp-json\/wp\/v2\/pages\/131"}],"wp:featuredmedia":[{"embeddable":true,"href":"https:\/\/dg-industries.net\/en\/wp-json\/wp\/v2\/media\/340"}],"wp:attachment":[{"href":"https:\/\/dg-industries.net\/en\/wp-json\/wp\/v2\/media?parent=108"}],"curies":[{"name":"wp","href":"https:\/\/api.w.org\/{rel}","templated":true}]}}