{"id":110,"date":"2019-12-12T09:42:14","date_gmt":"2019-12-12T08:42:14","guid":{"rendered":"https:\/\/demos.peeayecreative.com\/construction\/?page_id=1950"},"modified":"2024-03-01T19:43:22","modified_gmt":"2024-03-01T18:43:22","slug":"projektleitung","status":"publish","type":"page","link":"https:\/\/dg-industries.net\/en\/montage\/projektleitung\/","title":{"rendered":"project management"},"content":{"rendered":"<p>[et_pb_section fb_built=&#8220;1&#8243; module_class=&#8220;pa-hover-gallery&#8220; _builder_version=&#8220;4.16&#8243; custom_padding=&#8220;0px||0px||false|false&#8220; bottom_divider_color=&#8220;#444444&#8243; global_colors_info=&#8220;{}&#8220; theme_builder_area=&#8220;post_content&#8220;][et_pb_row module_class=&#8220;custom_row&#8220; _builder_version=&#8220;4.16&#8243; width=&#8220;100%&#8220; max_width=&#8220;100%&#8220; custom_padding=&#8220;0px||0px||false|false&#8220; global_colors_info=&#8220;{}&#8220; theme_builder_area=&#8220;post_content&#8220;][et_pb_column type=&#8220;4_4&#8243; module_class=&#8220;first-on-mobile&#8220; _builder_version=&#8220;4.16&#8243; custom_padding=&#8220;|||&#8220; global_colors_info=&#8220;{}&#8220; custom_padding__hover=&#8220;|||&#8220; theme_builder_area=&#8220;post_content&#8220;][et_pb_text quote_border_weight=&#8220;4px&#8220; quote_border_color=&#8220;#eace2c&#8220; _builder_version=&#8220;4.17.4&#8243; text_font=&#8220;||||||||&#8220; text_line_height=&#8220;1.9em&#8220; link_font=&#8220;||||on||||&#8220; quote_font=&#8220;|700|||||||&#8220; quote_text_color=&#8220;#222222&#8243; quote_font_size=&#8220;24px&#8220; header_font_size=&#8220;48px&#8220; header_2_text_color=&#8220;#111111&#8243; text_orientation=&#8220;justified&#8220; header_font_size_tablet=&#8220;36px&#8220; header_font_size_phone=&#8220;30px&#8220; custom_css_main_element=&#8220;font-weight:400;&#8220; global_colors_info=&#8220;{}&#8220; theme_builder_area=&#8220;post_content&#8220;]<\/p>\n<h2>Zuverl\u00e4ssiges <strong>Projektmanagement<\/strong><\/h2>\n<p>Mit unseren erfahrenen Fachkr\u00e4ften \u00fcbernehmen wir zuverl\u00e4ssig die Bauleitung Ihrer Projekte \u2013 branchen\u00fcbergreifend, weltweit und in jeder Gr\u00f6\u00dfenordnung. Dabei behalten wir stets den \u00dcberblick \u00fcber <strong>Kosten, Zeit und Qualit\u00e4t<\/strong>.<\/p>\n<p>Ein professionelles Projektmanagement ist f\u00fcr eine gelunge <a href=\"\/montage\/\">Industriemontage<\/a> unerl\u00e4sslich. F\u00fcr Sie ist es eine gro\u00dfe Herausforderung\u2013 f\u00fcr uns Routine. Zum Gl\u00fcck, denn Routine bedeutet: <strong>Erfahrung, Expertise, Weitblick<\/strong> und das Wissen \u00fcber all die H\u00fcrden, die auf Sie als Kunden zukommen k\u00f6nnen. Unsere erfahrenen Projektmanager stellen sicher, dass alle Abl\u00e4ufe ineinandergreifen. Wir beachten jedes Detail und sind jederzeit <a href=\"\/kontakt\/\">reaktionsbereit<\/a>, wenn Unw\u00e4gbarkeiten auftreten sollten.<\/p>\n<blockquote cite=\"http:\/\/loripsum.net\">\n<p>W\u00e4hrend des Projektmanagements behalten wir Terminvorgaben und Effizienz immer im Blick.<\/p>\n<\/blockquote>\n<p>Wir beginnen mit der individuellen Planung. Dabei besuchen wir Sie vor Ort, analysieren die Lage und dokumentieren, welche Vorbereitungen und Ressourcen notwendig sind. Schlie\u00dflich verteilen wir die Verantwortlichkeiten und etablieren organisatorische Schnittstellen zwischen uns und Ihrem Unternehmen. Dadurch erm\u00f6glichen wir eine<strong> einwandfreie Kommunikation<\/strong>, bei der wir variabel reagieren k\u00f6nnen.<\/p>\n<p>Sobald alle Rahmenparameter klar sind, gilt es f\u00fcr uns, das beste Team auf Ihr Projekt zu schicken. Dabei k\u00f6nnen wir die Anzahl unserer <strong>Fachkr\u00e4fte jederzeit flexibel verringern oder erh\u00f6hen<\/strong>. Im Rahmen der <a href=\"\/montage\/bauleitung\/\">Projektleitung <\/a>\u00fcbernehmen wir sowohl die Gesamtverantwortung f\u00fcr Ihre Montagebaustelle, als auch die Teilverantwortung f\u00fcr einzelne Aufgaben und Bereiche.<\/p>\n<p><strong>Wie Sie von unserem Projektmanagement profitieren:<\/strong><\/p>\n<ul>\n<ul>\n<li>internationales Netzwerk<\/li>\n<li>kurze Reaktionszeiten<\/li>\n<li>branchen\u00fcbergreifende Erfahrung<\/li>\n<li>Personalplanung und Koordination der Fachkr\u00e4fte<\/li>\n<li>Kommunikation in allen Phasen f\u00fcr maximale Transparenz<\/li>\n<\/ul>\n<\/ul>\n<p>[\/et_pb_text][et_pb_gallery gallery_ids=&#8220;502,336&#8243; posts_number=&#8220;10&#8243; show_title_and_caption=&#8220;off&#8220; show_pagination=&#8220;off&#8220; zoom_icon_color=&#8220;rgba(0,0,0,0)&#8220; hover_overlay_color=&#8220;rgba(0,0,0,0)&#8220; admin_label=&#8220;Gallery (10 Images Total)&#8220; _builder_version=&#8220;4.17.4&#8243; title_font=&#8220;|||on|||||&#8220; title_text_align=&#8220;center&#8220; title_font_size=&#8220;20px&#8220; title_letter_spacing=&#8220;1px&#8220; title_line_height=&#8220;1.3em&#8220; caption_font=&#8220;||||||||&#8220; caption_font_size=&#8220;16px&#8220; text_orientation=&#8220;center&#8220; background_layout=&#8220;dark&#8220; animation_style=&#8220;fade&#8220; animation_direction=&#8220;bottom&#8220; title_font_size_tablet=&#8220;18px&#8220; title_font_size_phone=&#8220;16px&#8220; title_font_size_last_edited=&#8220;on|phone&#8220; caption_font_size_tablet=&#8220;12px&#8220; caption_font_size_phone=&#8220;12px&#8220; caption_font_size_last_edited=&#8220;on|phone&#8220; global_colors_info=&#8220;{}&#8220; theme_builder_area=&#8220;post_content&#8220;][\/et_pb_gallery][et_pb_gallery gallery_ids=&#8220;4381625,4381626,4381628,4381631,4381503,4381502,4381506&#8243; posts_number=&#8220;18&#8243; show_title_and_caption=&#8220;off&#8220; show_pagination=&#8220;off&#8220; zoom_icon_color=&#8220;#ff5e15&#8243; hover_overlay_color=&#8220;rgba(18,28,69,0.5)&#8220; module_class=&#8220;pa-partner-gallery&#8220; _builder_version=&#8220;4.16&#8243; global_colors_info=&#8220;{}&#8220; theme_builder_area=&#8220;post_content&#8220;][\/et_pb_gallery][\/et_pb_column][\/et_pb_row][\/et_pb_section]<\/p>\n","protected":false},"excerpt":{"rendered":"<p>Zuverl\u00e4ssiges Projektmanagement Mit unseren erfahrenen Fachkr\u00e4ften \u00fcbernehmen wir zuverl\u00e4ssig die Bauleitung Ihrer Projekte \u2013 branchen\u00fcbergreifend, weltweit und in jeder Gr\u00f6\u00dfenordnung. Dabei behalten wir stets den \u00dcberblick \u00fcber Kosten, Zeit und Qualit\u00e4t. Ein professionelles Projektmanagement ist f\u00fcr eine gelunge Industriemontage unerl\u00e4sslich. F\u00fcr Sie ist es eine gro\u00dfe Herausforderung\u2013 f\u00fcr uns Routine. Zum Gl\u00fcck, denn Routine bedeutet: [&hellip;]<\/p>\n","protected":false},"author":2,"featured_media":338,"parent":131,"menu_order":0,"comment_status":"closed","ping_status":"closed","template":"","meta":{"_et_pb_use_builder":"on","_et_pb_old_content":"","_et_gb_content_width":"","footnotes":""},"class_list":["post-110","page","type-page","status-publish","has-post-thumbnail","hentry"],"yoast_head":"<!-- This site is optimized with the Yoast SEO plugin v27.3 - https:\/\/yoast.com\/product\/yoast-seo-wordpress\/ -->\n<title>Projektleitung &#8226; DG-Industries Group<\/title>\n<meta name=\"robots\" content=\"index, follow, max-snippet:-1, max-image-preview:large, max-video-preview:-1\" \/>\n<link rel=\"canonical\" href=\"https:\/\/dg-industries.net\/en\/montage\/projektleitung\/\" \/>\n<meta property=\"og:locale\" content=\"en_GB\" \/>\n<meta property=\"og:type\" content=\"article\" \/>\n<meta property=\"og:title\" content=\"Projektleitung &#8226; DG-Industries Group\" \/>\n<meta property=\"og:description\" content=\"Zuverl\u00e4ssiges Projektmanagement Mit unseren erfahrenen Fachkr\u00e4ften \u00fcbernehmen wir zuverl\u00e4ssig die Bauleitung Ihrer Projekte \u2013 branchen\u00fcbergreifend, weltweit und in jeder Gr\u00f6\u00dfenordnung. Dabei behalten wir stets den \u00dcberblick \u00fcber Kosten, Zeit und Qualit\u00e4t. Ein professionelles Projektmanagement ist f\u00fcr eine gelunge Industriemontage unerl\u00e4sslich. F\u00fcr Sie ist es eine gro\u00dfe Herausforderung\u2013 f\u00fcr uns Routine. Zum Gl\u00fcck, denn Routine bedeutet: [&hellip;]\" \/>\n<meta property=\"og:url\" content=\"https:\/\/dg-industries.net\/en\/montage\/projektleitung\/\" \/>\n<meta property=\"og:site_name\" content=\"DG-Industries Group\" \/>\n<meta property=\"article:publisher\" content=\"https:\/\/www.facebook.com\/dgindustries.gmbh\" \/>\n<meta property=\"article:modified_time\" content=\"2024-03-01T18:43:22+00:00\" \/>\n<meta property=\"og:image\" content=\"https:\/\/dg-industries.net\/wp-content\/uploads\/2022\/09\/projektmanager-industrie-1.jpg\" \/>\n\t<meta property=\"og:image:width\" content=\"1080\" \/>\n\t<meta property=\"og:image:height\" content=\"701\" \/>\n\t<meta property=\"og:image:type\" content=\"image\/jpeg\" \/>\n<meta name=\"twitter:card\" content=\"summary_large_image\" \/>\n<meta name=\"twitter:site\" content=\"@dgrobotic\" \/>\n<meta name=\"twitter:label1\" content=\"Estimated reading time\" \/>\n\t<meta name=\"twitter:data1\" content=\"2 minutes\" \/>\n<script type=\"application\/ld+json\" class=\"yoast-schema-graph\">{\"@context\":\"https:\\\/\\\/schema.org\",\"@graph\":[{\"@type\":\"WebPage\",\"@id\":\"https:\\\/\\\/dg-industries.net\\\/montage\\\/projektleitung\\\/\",\"url\":\"https:\\\/\\\/dg-industries.net\\\/montage\\\/projektleitung\\\/\",\"name\":\"Projektleitung &#8226; DG-Industries Group\",\"isPartOf\":{\"@id\":\"https:\\\/\\\/dg-industries.net\\\/#website\"},\"primaryImageOfPage\":{\"@id\":\"https:\\\/\\\/dg-industries.net\\\/montage\\\/projektleitung\\\/#primaryimage\"},\"image\":{\"@id\":\"https:\\\/\\\/dg-industries.net\\\/montage\\\/projektleitung\\\/#primaryimage\"},\"thumbnailUrl\":\"https:\\\/\\\/dg-industries.net\\\/wp-content\\\/uploads\\\/2022\\\/09\\\/projektmanager-industrie-1.jpg\",\"datePublished\":\"2019-12-12T08:42:14+00:00\",\"dateModified\":\"2024-03-01T18:43:22+00:00\",\"breadcrumb\":{\"@id\":\"https:\\\/\\\/dg-industries.net\\\/montage\\\/projektleitung\\\/#breadcrumb\"},\"inLanguage\":\"en-GB\",\"potentialAction\":[{\"@type\":\"ReadAction\",\"target\":[\"https:\\\/\\\/dg-industries.net\\\/montage\\\/projektleitung\\\/\"]}]},{\"@type\":\"ImageObject\",\"inLanguage\":\"en-GB\",\"@id\":\"https:\\\/\\\/dg-industries.net\\\/montage\\\/projektleitung\\\/#primaryimage\",\"url\":\"https:\\\/\\\/dg-industries.net\\\/wp-content\\\/uploads\\\/2022\\\/09\\\/projektmanager-industrie-1.jpg\",\"contentUrl\":\"https:\\\/\\\/dg-industries.net\\\/wp-content\\\/uploads\\\/2022\\\/09\\\/projektmanager-industrie-1.jpg\",\"width\":1080,\"height\":701,\"caption\":\"projektmanager-industrie\"},{\"@type\":\"BreadcrumbList\",\"@id\":\"https:\\\/\\\/dg-industries.net\\\/montage\\\/projektleitung\\\/#breadcrumb\",\"itemListElement\":[{\"@type\":\"ListItem\",\"position\":1,\"name\":\"Startseite\",\"item\":\"https:\\\/\\\/dg-industries.net\\\/\"},{\"@type\":\"ListItem\",\"position\":2,\"name\":\"Montage\",\"item\":\"https:\\\/\\\/dg-industries.net\\\/montage\\\/\"},{\"@type\":\"ListItem\",\"position\":3,\"name\":\"Projektleitung\"}]},{\"@type\":\"WebSite\",\"@id\":\"https:\\\/\\\/dg-industries.net\\\/#website\",\"url\":\"https:\\\/\\\/dg-industries.net\\\/\",\"name\":\"DG-Industries: Automation and Robotic Solutions\",\"description\":\"\",\"publisher\":{\"@id\":\"https:\\\/\\\/dg-industries.net\\\/#organization\"},\"potentialAction\":[{\"@type\":\"SearchAction\",\"target\":{\"@type\":\"EntryPoint\",\"urlTemplate\":\"https:\\\/\\\/dg-industries.net\\\/?s={search_term_string}\"},\"query-input\":{\"@type\":\"PropertyValueSpecification\",\"valueRequired\":true,\"valueName\":\"search_term_string\"}}],\"inLanguage\":\"en-GB\"},{\"@type\":\"Organization\",\"@id\":\"https:\\\/\\\/dg-industries.net\\\/#organization\",\"name\":\"DG-Industries: Automation and Robotic Solutions\",\"url\":\"https:\\\/\\\/dg-industries.net\\\/\",\"logo\":{\"@type\":\"ImageObject\",\"inLanguage\":\"en-GB\",\"@id\":\"https:\\\/\\\/dg-industries.net\\\/#\\\/schema\\\/logo\\\/image\\\/\",\"url\":\"https:\\\/\\\/dg-industries.net\\\/wp-content\\\/uploads\\\/2022\\\/11\\\/dgi-logo-shwarz.png\",\"contentUrl\":\"https:\\\/\\\/dg-industries.net\\\/wp-content\\\/uploads\\\/2022\\\/11\\\/dgi-logo-shwarz.png\",\"width\":1599,\"height\":349,\"caption\":\"DG-Industries: Automation and Robotic Solutions\"},\"image\":{\"@id\":\"https:\\\/\\\/dg-industries.net\\\/#\\\/schema\\\/logo\\\/image\\\/\"},\"sameAs\":[\"https:\\\/\\\/www.facebook.com\\\/dgindustries.gmbh\",\"https:\\\/\\\/x.com\\\/dgrobotic\",\"https:\\\/\\\/www.instagram.com\\\/dgindustries.gmbh\\\/\",\"https:\\\/\\\/www.linkedin.com\\\/company\\\/dg-industries-gmbh\"]}]}<\/script>\n<!-- \/ Yoast SEO plugin. -->","yoast_head_json":{"title":"Projektleitung &#8226; DG-Industries Group","robots":{"index":"index","follow":"follow","max-snippet":"max-snippet:-1","max-image-preview":"max-image-preview:large","max-video-preview":"max-video-preview:-1"},"canonical":"https:\/\/dg-industries.net\/en\/montage\/projektleitung\/","og_locale":"en_GB","og_type":"article","og_title":"Projektleitung &#8226; DG-Industries Group","og_description":"Zuverl\u00e4ssiges Projektmanagement Mit unseren erfahrenen Fachkr\u00e4ften \u00fcbernehmen wir zuverl\u00e4ssig die Bauleitung Ihrer Projekte \u2013 branchen\u00fcbergreifend, weltweit und in jeder Gr\u00f6\u00dfenordnung. Dabei behalten wir stets den \u00dcberblick \u00fcber Kosten, Zeit und Qualit\u00e4t. Ein professionelles Projektmanagement ist f\u00fcr eine gelunge Industriemontage unerl\u00e4sslich. F\u00fcr Sie ist es eine gro\u00dfe Herausforderung\u2013 f\u00fcr uns Routine. Zum Gl\u00fcck, denn Routine bedeutet: [&hellip;]","og_url":"https:\/\/dg-industries.net\/en\/montage\/projektleitung\/","og_site_name":"DG-Industries Group","article_publisher":"https:\/\/www.facebook.com\/dgindustries.gmbh","article_modified_time":"2024-03-01T18:43:22+00:00","og_image":[{"width":1080,"height":701,"url":"https:\/\/dg-industries.net\/wp-content\/uploads\/2022\/09\/projektmanager-industrie-1.jpg","type":"image\/jpeg"}],"twitter_card":"summary_large_image","twitter_site":"@dgrobotic","twitter_misc":{"Estimated reading time":"2 minutes"},"schema":{"@context":"https:\/\/schema.org","@graph":[{"@type":"WebPage","@id":"https:\/\/dg-industries.net\/montage\/projektleitung\/","url":"https:\/\/dg-industries.net\/montage\/projektleitung\/","name":"Projektleitung &#8226; DG-Industries Group","isPartOf":{"@id":"https:\/\/dg-industries.net\/#website"},"primaryImageOfPage":{"@id":"https:\/\/dg-industries.net\/montage\/projektleitung\/#primaryimage"},"image":{"@id":"https:\/\/dg-industries.net\/montage\/projektleitung\/#primaryimage"},"thumbnailUrl":"https:\/\/dg-industries.net\/wp-content\/uploads\/2022\/09\/projektmanager-industrie-1.jpg","datePublished":"2019-12-12T08:42:14+00:00","dateModified":"2024-03-01T18:43:22+00:00","breadcrumb":{"@id":"https:\/\/dg-industries.net\/montage\/projektleitung\/#breadcrumb"},"inLanguage":"en-GB","potentialAction":[{"@type":"ReadAction","target":["https:\/\/dg-industries.net\/montage\/projektleitung\/"]}]},{"@type":"ImageObject","inLanguage":"en-GB","@id":"https:\/\/dg-industries.net\/montage\/projektleitung\/#primaryimage","url":"https:\/\/dg-industries.net\/wp-content\/uploads\/2022\/09\/projektmanager-industrie-1.jpg","contentUrl":"https:\/\/dg-industries.net\/wp-content\/uploads\/2022\/09\/projektmanager-industrie-1.jpg","width":1080,"height":701,"caption":"projektmanager-industrie"},{"@type":"BreadcrumbList","@id":"https:\/\/dg-industries.net\/montage\/projektleitung\/#breadcrumb","itemListElement":[{"@type":"ListItem","position":1,"name":"Startseite","item":"https:\/\/dg-industries.net\/"},{"@type":"ListItem","position":2,"name":"Montage","item":"https:\/\/dg-industries.net\/montage\/"},{"@type":"ListItem","position":3,"name":"Projektleitung"}]},{"@type":"WebSite","@id":"https:\/\/dg-industries.net\/#website","url":"https:\/\/dg-industries.net\/","name":"DG-Industries: Automation and Robotic Solutions","description":"","publisher":{"@id":"https:\/\/dg-industries.net\/#organization"},"potentialAction":[{"@type":"SearchAction","target":{"@type":"EntryPoint","urlTemplate":"https:\/\/dg-industries.net\/?s={search_term_string}"},"query-input":{"@type":"PropertyValueSpecification","valueRequired":true,"valueName":"search_term_string"}}],"inLanguage":"en-GB"},{"@type":"Organization","@id":"https:\/\/dg-industries.net\/#organization","name":"DG-Industries: Automation and Robotic Solutions","url":"https:\/\/dg-industries.net\/","logo":{"@type":"ImageObject","inLanguage":"en-GB","@id":"https:\/\/dg-industries.net\/#\/schema\/logo\/image\/","url":"https:\/\/dg-industries.net\/wp-content\/uploads\/2022\/11\/dgi-logo-shwarz.png","contentUrl":"https:\/\/dg-industries.net\/wp-content\/uploads\/2022\/11\/dgi-logo-shwarz.png","width":1599,"height":349,"caption":"DG-Industries: Automation and Robotic Solutions"},"image":{"@id":"https:\/\/dg-industries.net\/#\/schema\/logo\/image\/"},"sameAs":["https:\/\/www.facebook.com\/dgindustries.gmbh","https:\/\/x.com\/dgrobotic","https:\/\/www.instagram.com\/dgindustries.gmbh\/","https:\/\/www.linkedin.com\/company\/dg-industries-gmbh"]}]}},"_links":{"self":[{"href":"https:\/\/dg-industries.net\/en\/wp-json\/wp\/v2\/pages\/110","targetHints":{"allow":["GET"]}}],"collection":[{"href":"https:\/\/dg-industries.net\/en\/wp-json\/wp\/v2\/pages"}],"about":[{"href":"https:\/\/dg-industries.net\/en\/wp-json\/wp\/v2\/types\/page"}],"author":[{"embeddable":true,"href":"https:\/\/dg-industries.net\/en\/wp-json\/wp\/v2\/users\/2"}],"replies":[{"embeddable":true,"href":"https:\/\/dg-industries.net\/en\/wp-json\/wp\/v2\/comments?post=110"}],"version-history":[{"count":15,"href":"https:\/\/dg-industries.net\/en\/wp-json\/wp\/v2\/pages\/110\/revisions"}],"predecessor-version":[{"id":2236,"href":"https:\/\/dg-industries.net\/en\/wp-json\/wp\/v2\/pages\/110\/revisions\/2236"}],"up":[{"embeddable":true,"href":"https:\/\/dg-industries.net\/en\/wp-json\/wp\/v2\/pages\/131"}],"wp:featuredmedia":[{"embeddable":true,"href":"https:\/\/dg-industries.net\/en\/wp-json\/wp\/v2\/media\/338"}],"wp:attachment":[{"href":"https:\/\/dg-industries.net\/en\/wp-json\/wp\/v2\/media?parent=110"}],"curies":[{"name":"wp","href":"https:\/\/api.w.org\/{rel}","templated":true}]}}