{"id":111,"date":"2019-12-12T09:33:12","date_gmt":"2019-12-12T08:33:12","guid":{"rendered":"https:\/\/demos.peeayecreative.com\/construction\/?page_id=1942"},"modified":"2023-02-14T12:28:24","modified_gmt":"2023-02-14T11:28:24","slug":"inbetriebnahme","status":"publish","type":"page","link":"https:\/\/dg-industries.net\/en\/montage\/inbetriebnahme\/","title":{"rendered":"Commitioning"},"content":{"rendered":"<p>[et_pb_section fb_built=&#8220;1&#8243; module_class=&#8220;pa-hover-gallery&#8220; _builder_version=&#8220;4.16&#8243; custom_padding=&#8220;0px||0px||false|false&#8220; bottom_divider_color=&#8220;#444444&#8243; global_colors_info=&#8220;{}&#8220; theme_builder_area=&#8220;post_content&#8220;][et_pb_row module_class=&#8220;custom_row&#8220; _builder_version=&#8220;4.16&#8243; width=&#8220;100%&#8220; max_width=&#8220;100%&#8220; custom_padding=&#8220;0px||0px||false|false&#8220; global_colors_info=&#8220;{}&#8220; theme_builder_area=&#8220;post_content&#8220;][et_pb_column type=&#8220;4_4&#8243; module_class=&#8220;first-on-mobile&#8220; _builder_version=&#8220;4.16&#8243; custom_padding=&#8220;|||&#8220; global_colors_info=&#8220;{}&#8220; custom_padding__hover=&#8220;|||&#8220; theme_builder_area=&#8220;post_content&#8220;][et_pb_text quote_border_weight=&#8220;4px&#8220; quote_border_color=&#8220;#eace2c&#8220; _builder_version=&#8220;4.17.4&#8243; text_font=&#8220;||||||||&#8220; text_line_height=&#8220;1.9em&#8220; link_font=&#8220;||||on||||&#8220; quote_font=&#8220;|700|||||||&#8220; quote_text_color=&#8220;#222222&#8243; quote_font_size=&#8220;24px&#8220; header_font_size=&#8220;48px&#8220; header_2_text_color=&#8220;#111111&#8243; text_orientation=&#8220;justified&#8220; header_font_size_tablet=&#8220;36px&#8220; header_font_size_phone=&#8220;30px&#8220; custom_css_main_element=&#8220;font-weight:400;&#8220; global_colors_info=&#8220;{}&#8220; theme_builder_area=&#8220;post_content&#8220;]<\/p>\n<h2>Professionelle <strong>Inbetriebnahmen von Anlagen<\/strong><\/h2>\n<p>Unsere erfahrenen Monteure und Techniker montieren Ihre Baugruppen vor Ort und installieren die Komponenten fachgerecht und VDE-konform. Bevor wir die Vorinbetriebnahme durchf\u00fchren, programmieren wir <a href=\"\/montage\/robotik\/\">Roboter<\/a> und Abl\u00e4ufe. Dabei optimieren wir s\u00e4mtliche Parameter f\u00fcr eine m\u00f6glichst hohe Produktionsrate \u2013 minimale Taktzeiten f\u00fcr Ihren maximalen Gewinn. Wir \u00fcberf\u00fchren Ihre Anlage vertragsgem\u00e4\u00df in einen reibungslosen Dauerbetrieb. Zum Schluss weisen wir Ihr Personal in die Bedienung und Wartung der <a href=\"\/montage\/instandhaltung\/\">Maschinen <\/a>ein.<\/p>\n<blockquote cite=\"http:\/\/loripsum.net\">\n<p>Mit der Inbetriebnahme f\u00e4ngt unsere Zusammenarbeit erst an \u2013 w\u00e4hrend der gesamten Lebensdauer Ihrer Anlage sind wir f\u00fcr Sie da.<\/p>\n<\/blockquote>\n<p><span>Gute Programmierkenntnisse mit unterschiedlichen Systeml\u00f6sungen sind unerl\u00e4sslich. Mindestens genauso wichtig ist Prozesswissen. Wir verf\u00fcgen in jedem Bereich \u00fcber das Prozesswissen und die Erfahrung, die f\u00fcr eine erfolgreiche <a href=\"\/montage\/inbetriebnahme\/\">Inbetriebnahme <\/a>erforderlich sind.<\/span><\/p>\n<p><strong>Die wesentlichen Schritte eine Inbetriebnahme sind:<\/strong><\/p>\n<ul>\n<ul>\n<li>\u00dcberpr\u00fcfung der Spannungen, Schnittstellen, Voraussetzungen f\u00fcr Funktionstests<\/li>\n<li>Kombinierter I\/O-Check \u2013 dieser kann bereits Teil der E-Montage sein. Dann wird allerdings nur die korrekte Verdrahtung kontrolliert. Besonders effektiv ist ein IO-Check, der von <a href=\"\/montage\/inbetriebnahme\/\">Programmierern <\/a>und E-Monteuren gemeinsam durchgef\u00fchrt wird. Optimierungen an der Sensorik und erste Funktionstests k\u00f6nnen dann direkt miterledigt werden.<\/li>\n<li>Kontrolle der Sicherheitstechnik<\/li>\n<li>Inbetriebnahme der Hand-Bedienebene<\/li>\n<li>Inbetriebnahme der Automatiksequenzen<\/li>\n<li>Regleroptimierung und weitere, prozessspezifische Optimierungen<\/li>\n<li>Anbindung an \u00fcbergeordnete Systeme zur Erfassung der Betriebsdaten\/Visualisierung\/Qualit\u00e4tskontrolle<\/li>\n<li>Einweisung der Bediener und Instandhalter<\/li>\n<li>Dokumentation aller relevanten Parameter<\/li>\n<li>Optional: Produktionsbegleitung<\/li>\n<\/ul>\n<\/ul>\n<p>[\/et_pb_text][et_pb_gallery gallery_ids=&#8220;342,340&#8243; posts_number=&#8220;10&#8243; show_title_and_caption=&#8220;off&#8220; show_pagination=&#8220;off&#8220; zoom_icon_color=&#8220;rgba(0,0,0,0)&#8220; hover_overlay_color=&#8220;rgba(0,0,0,0)&#8220; admin_label=&#8220;Gallery (10 Images Total)&#8220; _builder_version=&#8220;4.17.4&#8243; title_font=&#8220;|||on|||||&#8220; title_text_align=&#8220;center&#8220; title_font_size=&#8220;20px&#8220; title_letter_spacing=&#8220;1px&#8220; title_line_height=&#8220;1.3em&#8220; caption_font=&#8220;||||||||&#8220; caption_font_size=&#8220;16px&#8220; text_orientation=&#8220;center&#8220; background_layout=&#8220;dark&#8220; animation_style=&#8220;fade&#8220; animation_direction=&#8220;bottom&#8220; title_font_size_tablet=&#8220;18px&#8220; title_font_size_phone=&#8220;16px&#8220; title_font_size_last_edited=&#8220;on|phone&#8220; caption_font_size_tablet=&#8220;12px&#8220; caption_font_size_phone=&#8220;12px&#8220; caption_font_size_last_edited=&#8220;on|phone&#8220; global_colors_info=&#8220;{}&#8220; theme_builder_area=&#8220;post_content&#8220;][\/et_pb_gallery][et_pb_gallery gallery_ids=&#8220;4381625,4381626,4381628,4381631,4381503,4381502,4381506&#8243; posts_number=&#8220;18&#8243; show_title_and_caption=&#8220;off&#8220; show_pagination=&#8220;off&#8220; zoom_icon_color=&#8220;#ff5e15&#8243; hover_overlay_color=&#8220;rgba(18,28,69,0.5)&#8220; module_class=&#8220;pa-partner-gallery&#8220; _builder_version=&#8220;4.16&#8243; global_colors_info=&#8220;{}&#8220; theme_builder_area=&#8220;post_content&#8220;][\/et_pb_gallery][\/et_pb_column][\/et_pb_row][\/et_pb_section]<\/p>\n","protected":false},"excerpt":{"rendered":"<p>Professionelle Inbetriebnahmen von Anlagen Unsere erfahrenen Monteure und Techniker montieren Ihre Baugruppen vor Ort und installieren die Komponenten fachgerecht und VDE-konform. Bevor wir die Vorinbetriebnahme durchf\u00fchren, programmieren wir Roboter und Abl\u00e4ufe. Dabei optimieren wir s\u00e4mtliche Parameter f\u00fcr eine m\u00f6glichst hohe Produktionsrate \u2013 minimale Taktzeiten f\u00fcr Ihren maximalen Gewinn. Wir \u00fcberf\u00fchren Ihre Anlage vertragsgem\u00e4\u00df in einen [&hellip;]<\/p>\n","protected":false},"author":2,"featured_media":334,"parent":131,"menu_order":0,"comment_status":"closed","ping_status":"closed","template":"","meta":{"_et_pb_use_builder":"on","_et_pb_old_content":"","_et_gb_content_width":"","footnotes":""},"class_list":["post-111","page","type-page","status-publish","has-post-thumbnail","hentry"],"yoast_head":"<!-- This site is optimized with the Yoast SEO plugin v27.3 - https:\/\/yoast.com\/product\/yoast-seo-wordpress\/ -->\n<title>Inbetriebnahme &#8226; DG-Industries Group<\/title>\n<meta name=\"robots\" content=\"index, follow, max-snippet:-1, max-image-preview:large, max-video-preview:-1\" \/>\n<link rel=\"canonical\" href=\"https:\/\/dg-industries.net\/en\/montage\/inbetriebnahme\/\" \/>\n<meta property=\"og:locale\" content=\"en_GB\" \/>\n<meta property=\"og:type\" content=\"article\" \/>\n<meta property=\"og:title\" content=\"Inbetriebnahme &#8226; DG-Industries Group\" \/>\n<meta property=\"og:description\" content=\"Professionelle Inbetriebnahmen von Anlagen Unsere erfahrenen Monteure und Techniker montieren Ihre Baugruppen vor Ort und installieren die Komponenten fachgerecht und VDE-konform. Bevor wir die Vorinbetriebnahme durchf\u00fchren, programmieren wir Roboter und Abl\u00e4ufe. Dabei optimieren wir s\u00e4mtliche Parameter f\u00fcr eine m\u00f6glichst hohe Produktionsrate \u2013 minimale Taktzeiten f\u00fcr Ihren maximalen Gewinn. Wir \u00fcberf\u00fchren Ihre Anlage vertragsgem\u00e4\u00df in einen [&hellip;]\" \/>\n<meta property=\"og:url\" content=\"https:\/\/dg-industries.net\/en\/montage\/inbetriebnahme\/\" \/>\n<meta property=\"og:site_name\" content=\"DG-Industries Group\" \/>\n<meta property=\"article:publisher\" content=\"https:\/\/www.facebook.com\/dgindustries.gmbh\" \/>\n<meta property=\"article:modified_time\" content=\"2023-02-14T11:28:24+00:00\" \/>\n<meta property=\"og:image\" content=\"https:\/\/dg-industries.net\/wp-content\/uploads\/2022\/09\/inbetriebnehmer-sps.jpg\" \/>\n\t<meta property=\"og:image:width\" content=\"1080\" \/>\n\t<meta property=\"og:image:height\" content=\"701\" \/>\n\t<meta property=\"og:image:type\" content=\"image\/jpeg\" \/>\n<meta name=\"twitter:card\" content=\"summary_large_image\" \/>\n<meta name=\"twitter:site\" content=\"@dgrobotic\" \/>\n<meta name=\"twitter:label1\" content=\"Estimated reading time\" \/>\n\t<meta name=\"twitter:data1\" content=\"3 minutes\" \/>\n<script type=\"application\/ld+json\" class=\"yoast-schema-graph\">{\"@context\":\"https:\\\/\\\/schema.org\",\"@graph\":[{\"@type\":\"WebPage\",\"@id\":\"https:\\\/\\\/dg-industries.net\\\/montage\\\/inbetriebnahme\\\/\",\"url\":\"https:\\\/\\\/dg-industries.net\\\/montage\\\/inbetriebnahme\\\/\",\"name\":\"Inbetriebnahme &#8226; DG-Industries Group\",\"isPartOf\":{\"@id\":\"https:\\\/\\\/dg-industries.net\\\/#website\"},\"primaryImageOfPage\":{\"@id\":\"https:\\\/\\\/dg-industries.net\\\/montage\\\/inbetriebnahme\\\/#primaryimage\"},\"image\":{\"@id\":\"https:\\\/\\\/dg-industries.net\\\/montage\\\/inbetriebnahme\\\/#primaryimage\"},\"thumbnailUrl\":\"https:\\\/\\\/dg-industries.net\\\/wp-content\\\/uploads\\\/2022\\\/09\\\/inbetriebnehmer-sps.jpg\",\"datePublished\":\"2019-12-12T08:33:12+00:00\",\"dateModified\":\"2023-02-14T11:28:24+00:00\",\"breadcrumb\":{\"@id\":\"https:\\\/\\\/dg-industries.net\\\/montage\\\/inbetriebnahme\\\/#breadcrumb\"},\"inLanguage\":\"en-GB\",\"potentialAction\":[{\"@type\":\"ReadAction\",\"target\":[\"https:\\\/\\\/dg-industries.net\\\/montage\\\/inbetriebnahme\\\/\"]}]},{\"@type\":\"ImageObject\",\"inLanguage\":\"en-GB\",\"@id\":\"https:\\\/\\\/dg-industries.net\\\/montage\\\/inbetriebnahme\\\/#primaryimage\",\"url\":\"https:\\\/\\\/dg-industries.net\\\/wp-content\\\/uploads\\\/2022\\\/09\\\/inbetriebnehmer-sps.jpg\",\"contentUrl\":\"https:\\\/\\\/dg-industries.net\\\/wp-content\\\/uploads\\\/2022\\\/09\\\/inbetriebnehmer-sps.jpg\",\"width\":1080,\"height\":701,\"caption\":\"inbetriebnehmer-sps\"},{\"@type\":\"BreadcrumbList\",\"@id\":\"https:\\\/\\\/dg-industries.net\\\/montage\\\/inbetriebnahme\\\/#breadcrumb\",\"itemListElement\":[{\"@type\":\"ListItem\",\"position\":1,\"name\":\"Startseite\",\"item\":\"https:\\\/\\\/dg-industries.net\\\/\"},{\"@type\":\"ListItem\",\"position\":2,\"name\":\"Montage\",\"item\":\"https:\\\/\\\/dg-industries.net\\\/montage\\\/\"},{\"@type\":\"ListItem\",\"position\":3,\"name\":\"Inbetriebnahme\"}]},{\"@type\":\"WebSite\",\"@id\":\"https:\\\/\\\/dg-industries.net\\\/#website\",\"url\":\"https:\\\/\\\/dg-industries.net\\\/\",\"name\":\"DG-Industries: Automation and Robotic Solutions\",\"description\":\"\",\"publisher\":{\"@id\":\"https:\\\/\\\/dg-industries.net\\\/#organization\"},\"potentialAction\":[{\"@type\":\"SearchAction\",\"target\":{\"@type\":\"EntryPoint\",\"urlTemplate\":\"https:\\\/\\\/dg-industries.net\\\/?s={search_term_string}\"},\"query-input\":{\"@type\":\"PropertyValueSpecification\",\"valueRequired\":true,\"valueName\":\"search_term_string\"}}],\"inLanguage\":\"en-GB\"},{\"@type\":\"Organization\",\"@id\":\"https:\\\/\\\/dg-industries.net\\\/#organization\",\"name\":\"DG-Industries: Automation and Robotic Solutions\",\"url\":\"https:\\\/\\\/dg-industries.net\\\/\",\"logo\":{\"@type\":\"ImageObject\",\"inLanguage\":\"en-GB\",\"@id\":\"https:\\\/\\\/dg-industries.net\\\/#\\\/schema\\\/logo\\\/image\\\/\",\"url\":\"https:\\\/\\\/dg-industries.net\\\/wp-content\\\/uploads\\\/2022\\\/11\\\/dgi-logo-shwarz.png\",\"contentUrl\":\"https:\\\/\\\/dg-industries.net\\\/wp-content\\\/uploads\\\/2022\\\/11\\\/dgi-logo-shwarz.png\",\"width\":1599,\"height\":349,\"caption\":\"DG-Industries: Automation and Robotic Solutions\"},\"image\":{\"@id\":\"https:\\\/\\\/dg-industries.net\\\/#\\\/schema\\\/logo\\\/image\\\/\"},\"sameAs\":[\"https:\\\/\\\/www.facebook.com\\\/dgindustries.gmbh\",\"https:\\\/\\\/x.com\\\/dgrobotic\",\"https:\\\/\\\/www.instagram.com\\\/dgindustries.gmbh\\\/\",\"https:\\\/\\\/www.linkedin.com\\\/company\\\/dg-industries-gmbh\"]}]}<\/script>\n<!-- \/ Yoast SEO plugin. -->","yoast_head_json":{"title":"Inbetriebnahme &#8226; DG-Industries Group","robots":{"index":"index","follow":"follow","max-snippet":"max-snippet:-1","max-image-preview":"max-image-preview:large","max-video-preview":"max-video-preview:-1"},"canonical":"https:\/\/dg-industries.net\/en\/montage\/inbetriebnahme\/","og_locale":"en_GB","og_type":"article","og_title":"Inbetriebnahme &#8226; DG-Industries Group","og_description":"Professionelle Inbetriebnahmen von Anlagen Unsere erfahrenen Monteure und Techniker montieren Ihre Baugruppen vor Ort und installieren die Komponenten fachgerecht und VDE-konform. Bevor wir die Vorinbetriebnahme durchf\u00fchren, programmieren wir Roboter und Abl\u00e4ufe. Dabei optimieren wir s\u00e4mtliche Parameter f\u00fcr eine m\u00f6glichst hohe Produktionsrate \u2013 minimale Taktzeiten f\u00fcr Ihren maximalen Gewinn. Wir \u00fcberf\u00fchren Ihre Anlage vertragsgem\u00e4\u00df in einen [&hellip;]","og_url":"https:\/\/dg-industries.net\/en\/montage\/inbetriebnahme\/","og_site_name":"DG-Industries Group","article_publisher":"https:\/\/www.facebook.com\/dgindustries.gmbh","article_modified_time":"2023-02-14T11:28:24+00:00","og_image":[{"width":1080,"height":701,"url":"https:\/\/dg-industries.net\/wp-content\/uploads\/2022\/09\/inbetriebnehmer-sps.jpg","type":"image\/jpeg"}],"twitter_card":"summary_large_image","twitter_site":"@dgrobotic","twitter_misc":{"Estimated reading time":"3 minutes"},"schema":{"@context":"https:\/\/schema.org","@graph":[{"@type":"WebPage","@id":"https:\/\/dg-industries.net\/montage\/inbetriebnahme\/","url":"https:\/\/dg-industries.net\/montage\/inbetriebnahme\/","name":"Inbetriebnahme &#8226; DG-Industries Group","isPartOf":{"@id":"https:\/\/dg-industries.net\/#website"},"primaryImageOfPage":{"@id":"https:\/\/dg-industries.net\/montage\/inbetriebnahme\/#primaryimage"},"image":{"@id":"https:\/\/dg-industries.net\/montage\/inbetriebnahme\/#primaryimage"},"thumbnailUrl":"https:\/\/dg-industries.net\/wp-content\/uploads\/2022\/09\/inbetriebnehmer-sps.jpg","datePublished":"2019-12-12T08:33:12+00:00","dateModified":"2023-02-14T11:28:24+00:00","breadcrumb":{"@id":"https:\/\/dg-industries.net\/montage\/inbetriebnahme\/#breadcrumb"},"inLanguage":"en-GB","potentialAction":[{"@type":"ReadAction","target":["https:\/\/dg-industries.net\/montage\/inbetriebnahme\/"]}]},{"@type":"ImageObject","inLanguage":"en-GB","@id":"https:\/\/dg-industries.net\/montage\/inbetriebnahme\/#primaryimage","url":"https:\/\/dg-industries.net\/wp-content\/uploads\/2022\/09\/inbetriebnehmer-sps.jpg","contentUrl":"https:\/\/dg-industries.net\/wp-content\/uploads\/2022\/09\/inbetriebnehmer-sps.jpg","width":1080,"height":701,"caption":"inbetriebnehmer-sps"},{"@type":"BreadcrumbList","@id":"https:\/\/dg-industries.net\/montage\/inbetriebnahme\/#breadcrumb","itemListElement":[{"@type":"ListItem","position":1,"name":"Startseite","item":"https:\/\/dg-industries.net\/"},{"@type":"ListItem","position":2,"name":"Montage","item":"https:\/\/dg-industries.net\/montage\/"},{"@type":"ListItem","position":3,"name":"Inbetriebnahme"}]},{"@type":"WebSite","@id":"https:\/\/dg-industries.net\/#website","url":"https:\/\/dg-industries.net\/","name":"DG-Industries: Automation and Robotic Solutions","description":"","publisher":{"@id":"https:\/\/dg-industries.net\/#organization"},"potentialAction":[{"@type":"SearchAction","target":{"@type":"EntryPoint","urlTemplate":"https:\/\/dg-industries.net\/?s={search_term_string}"},"query-input":{"@type":"PropertyValueSpecification","valueRequired":true,"valueName":"search_term_string"}}],"inLanguage":"en-GB"},{"@type":"Organization","@id":"https:\/\/dg-industries.net\/#organization","name":"DG-Industries: Automation and Robotic Solutions","url":"https:\/\/dg-industries.net\/","logo":{"@type":"ImageObject","inLanguage":"en-GB","@id":"https:\/\/dg-industries.net\/#\/schema\/logo\/image\/","url":"https:\/\/dg-industries.net\/wp-content\/uploads\/2022\/11\/dgi-logo-shwarz.png","contentUrl":"https:\/\/dg-industries.net\/wp-content\/uploads\/2022\/11\/dgi-logo-shwarz.png","width":1599,"height":349,"caption":"DG-Industries: Automation and Robotic Solutions"},"image":{"@id":"https:\/\/dg-industries.net\/#\/schema\/logo\/image\/"},"sameAs":["https:\/\/www.facebook.com\/dgindustries.gmbh","https:\/\/x.com\/dgrobotic","https:\/\/www.instagram.com\/dgindustries.gmbh\/","https:\/\/www.linkedin.com\/company\/dg-industries-gmbh"]}]}},"_links":{"self":[{"href":"https:\/\/dg-industries.net\/en\/wp-json\/wp\/v2\/pages\/111","targetHints":{"allow":["GET"]}}],"collection":[{"href":"https:\/\/dg-industries.net\/en\/wp-json\/wp\/v2\/pages"}],"about":[{"href":"https:\/\/dg-industries.net\/en\/wp-json\/wp\/v2\/types\/page"}],"author":[{"embeddable":true,"href":"https:\/\/dg-industries.net\/en\/wp-json\/wp\/v2\/users\/2"}],"replies":[{"embeddable":true,"href":"https:\/\/dg-industries.net\/en\/wp-json\/wp\/v2\/comments?post=111"}],"version-history":[{"count":19,"href":"https:\/\/dg-industries.net\/en\/wp-json\/wp\/v2\/pages\/111\/revisions"}],"predecessor-version":[{"id":1879,"href":"https:\/\/dg-industries.net\/en\/wp-json\/wp\/v2\/pages\/111\/revisions\/1879"}],"up":[{"embeddable":true,"href":"https:\/\/dg-industries.net\/en\/wp-json\/wp\/v2\/pages\/131"}],"wp:featuredmedia":[{"embeddable":true,"href":"https:\/\/dg-industries.net\/en\/wp-json\/wp\/v2\/media\/334"}],"wp:attachment":[{"href":"https:\/\/dg-industries.net\/en\/wp-json\/wp\/v2\/media?parent=111"}],"curies":[{"name":"wp","href":"https:\/\/api.w.org\/{rel}","templated":true}]}}