{"id":126,"date":"2019-12-12T00:51:53","date_gmt":"2019-12-11T23:51:53","guid":{"rendered":"https:\/\/demos.peeayecreative.com\/construction\/?page_id=1682"},"modified":"2023-02-14T12:29:23","modified_gmt":"2023-02-14T11:29:23","slug":"elektrik","status":"publish","type":"page","link":"https:\/\/dg-industries.net\/en\/montage\/elektrik\/","title":{"rendered":"Electronics"},"content":{"rendered":"<p>[et_pb_section fb_built=&#8220;1&#8243; module_class=&#8220;pa-hover-gallery&#8220; _builder_version=&#8220;4.16&#8243; custom_padding=&#8220;0px||0px||false|false&#8220; bottom_divider_color=&#8220;#444444&#8243; global_colors_info=&#8220;{}&#8220; theme_builder_area=&#8220;post_content&#8220;][et_pb_row module_class=&#8220;custom_row&#8220; _builder_version=&#8220;4.16&#8243; width=&#8220;100%&#8220; max_width=&#8220;100%&#8220; custom_padding=&#8220;0px||0px||false|false&#8220; global_colors_info=&#8220;{}&#8220; theme_builder_area=&#8220;post_content&#8220;][et_pb_column type=&#8220;4_4&#8243; module_class=&#8220;first-on-mobile&#8220; _builder_version=&#8220;4.16&#8243; custom_padding=&#8220;|||&#8220; global_colors_info=&#8220;{}&#8220; custom_padding__hover=&#8220;|||&#8220; theme_builder_area=&#8220;post_content&#8220;][et_pb_text quote_border_weight=&#8220;4px&#8220; quote_border_color=&#8220;#eace2c&#8220; _builder_version=&#8220;4.17.4&#8243; text_font=&#8220;||||||||&#8220; text_line_height=&#8220;1.9em&#8220; link_font=&#8220;||||on||||&#8220; quote_font=&#8220;|700|||||||&#8220; quote_text_color=&#8220;#222222&#8243; quote_font_size=&#8220;24px&#8220; header_font_size=&#8220;48px&#8220; header_2_text_color=&#8220;#111111&#8243; text_orientation=&#8220;justified&#8220; header_font_size_tablet=&#8220;36px&#8220; header_font_size_phone=&#8220;30px&#8220; custom_css_main_element=&#8220;font-weight:400;&#8220; global_colors_info=&#8220;{}&#8220; theme_builder_area=&#8220;post_content&#8220;]<\/p>\n<h2 style=\"text-align: justify;\">Ihr Experte f\u00fcr <strong>Elektrik und Elektronik<\/strong><\/h2>\n<p style=\"text-align: justify;\">Als weltweiter Dienstleister f\u00fcr Industriemontage geh\u00f6ren elektrische\/elektronische Arbeiten zu unserem Hauptgesch\u00e4ft. Daher stellen wir uns jeder Herausforderung und jeder Gr\u00f6\u00dfen\u00f6rdnung. Ob Elektroinstallationen, Anlagenschutz oder Prozesstechnik: Mit <a href=\"https:\/\/dg-industries.net\/\">DG-Industries<\/a> setzen Sie auf erfahrene H\u00e4nde mit <strong>langj\u00e4hriger Dienstleistungskompetenz<\/strong>.<\/p>\n<p style=\"text-align: justify;\">Unsere Experten installieren Ihre elektrischen Maschinen und Anlagen, montieren Baugruppen und \u00fcbernehmen auch die <a href=\"\/montage\/instandhaltung\/\">Instandhaltung<\/a>. Selbstverst\u00e4ndlich geh\u00f6rt auch der <strong>Schaltschrankbau<\/strong> zu unseren Leistungen. Wir planen den Aufbau und dokumentieren die ben\u00f6tigten Komponenten. Schlie\u00dflich verdrahten und montieren wir die Schaltschr\u00e4nke in unserem Standort in Magdeburg, aber gern auch bei Ihnen vor Ort.<\/p>\n<p style=\"text-align: justify;\">Weiterhin f\u00fchren wir f\u00fcr Sie <strong>Retrofit-Ma\u00dfnahmen<\/strong> durch. Wir optimieren die elektrotechnische Ausr\u00fcstung Ihrer Maschinenanlagen und bringen diese auf den aktuellen Stand der Technik. Zu unserem Rundum-Service z\u00e4hlt auch die Netzwerktechnik, Daten\u00fcbertragung sowie relevante Messungen und Pr\u00fcfungen.<\/p>\n<blockquote cite=\"http:\/\/loripsum.net\">\n<p style=\"text-align: left;\">Mit der Erfahrung und Kompetenz unserer ausgebildeten Fachkr\u00e4fte konnten wir bereits dutzende Projekt realisieren \u2013 in den verschiedensten Branchen Deutschland, Europa und der ganzen Welt.<\/p>\n<\/blockquote>\n<p style=\"text-align: left;\"><strong>Unsere Leistungen zusammengefasst:<\/strong><\/p>\n<ul>\n<ul>\n<li style=\"text-align: left;\">Elektrische und elektronische Installationen<\/li>\n<li style=\"text-align: left;\">Montage von Baugruppen<\/li>\n<li style=\"text-align: left;\">Schaltschrankbau- und Verdrahtung<\/li>\n<li style=\"text-align: left;\">Messen und Pr\u00fcfen (DGUV3, etc.)<\/li>\n<li style=\"text-align: left;\">Instandhaltung und Intandsetzung elekrischer Anlagen<\/li>\n<li style=\"text-align: left;\">Inbetriebnahmen elektrotechnischer Maschinen und Anlagen<\/li>\n<li style=\"text-align: left;\">Retrofit<\/li>\n<\/ul>\n<\/ul>\n<p>[\/et_pb_text][et_pb_gallery gallery_ids=&#8220;401,2962,402&#8243; posts_number=&#8220;2&#8243; show_title_and_caption=&#8220;off&#8220; show_pagination=&#8220;off&#8220; zoom_icon_color=&#8220;rgba(0,0,0,0)&#8220; hover_overlay_color=&#8220;rgba(0,0,0,0)&#8220; admin_label=&#8220;Gallery (10 Images Total)&#8220; _builder_version=&#8220;4.17.4&#8243; title_font=&#8220;|||on|||||&#8220; title_text_align=&#8220;center&#8220; title_font_size=&#8220;20px&#8220; title_letter_spacing=&#8220;1px&#8220; title_line_height=&#8220;1.3em&#8220; caption_font=&#8220;||||||||&#8220; caption_font_size=&#8220;16px&#8220; text_orientation=&#8220;center&#8220; background_layout=&#8220;dark&#8220; animation_style=&#8220;fade&#8220; animation_direction=&#8220;bottom&#8220; title_font_size_tablet=&#8220;18px&#8220; title_font_size_phone=&#8220;16px&#8220; title_font_size_last_edited=&#8220;on|phone&#8220; caption_font_size_tablet=&#8220;12px&#8220; caption_font_size_phone=&#8220;12px&#8220; caption_font_size_last_edited=&#8220;on|phone&#8220; global_colors_info=&#8220;{}&#8220; theme_builder_area=&#8220;post_content&#8220;][\/et_pb_gallery][et_pb_gallery gallery_ids=&#8220;4381625,4381626,4381628,4381631,4381503,4381502,4381506&#8243; posts_number=&#8220;18&#8243; show_title_and_caption=&#8220;off&#8220; show_pagination=&#8220;off&#8220; zoom_icon_color=&#8220;#ff5e15&#8243; hover_overlay_color=&#8220;rgba(18,28,69,0.5)&#8220; module_class=&#8220;pa-partner-gallery&#8220; _builder_version=&#8220;4.16&#8243; global_colors_info=&#8220;{}&#8220; theme_builder_area=&#8220;post_content&#8220;][\/et_pb_gallery][\/et_pb_column][\/et_pb_row][\/et_pb_section]<\/p>\n","protected":false},"excerpt":{"rendered":"<p>Ihr Experte f\u00fcr Elektrik und Elektronik Als weltweiter Dienstleister f\u00fcr Industriemontage geh\u00f6ren elektrische\/elektronische Arbeiten zu unserem Hauptgesch\u00e4ft. Daher stellen wir uns jeder Herausforderung und jeder Gr\u00f6\u00dfen\u00f6rdnung. Ob Elektroinstallationen, Anlagenschutz oder Prozesstechnik: Mit DG-Industries setzen Sie auf erfahrene H\u00e4nde mit langj\u00e4hriger Dienstleistungskompetenz. Unsere Experten installieren Ihre elektrischen Maschinen und Anlagen, montieren Baugruppen und \u00fcbernehmen auch die [&hellip;]<\/p>\n","protected":false},"author":2,"featured_media":332,"parent":131,"menu_order":0,"comment_status":"closed","ping_status":"closed","template":"","meta":{"_et_pb_use_builder":"on","_et_pb_old_content":"","_et_gb_content_width":"","footnotes":""},"class_list":["post-126","page","type-page","status-publish","has-post-thumbnail","hentry"],"yoast_head":"<!-- This site is optimized with the Yoast SEO plugin v27.3 - https:\/\/yoast.com\/product\/yoast-seo-wordpress\/ -->\n<title>Elektrik &#8226; DG-Industries Group<\/title>\n<meta name=\"robots\" content=\"index, follow, max-snippet:-1, max-image-preview:large, max-video-preview:-1\" \/>\n<link rel=\"canonical\" href=\"https:\/\/dg-industries.net\/en\/montage\/elektrik\/\" \/>\n<meta property=\"og:locale\" content=\"en_GB\" \/>\n<meta property=\"og:type\" content=\"article\" \/>\n<meta property=\"og:title\" content=\"Elektrik &#8226; DG-Industries Group\" \/>\n<meta property=\"og:description\" content=\"Ihr Experte f\u00fcr Elektrik und Elektronik Als weltweiter Dienstleister f\u00fcr Industriemontage geh\u00f6ren elektrische\/elektronische Arbeiten zu unserem Hauptgesch\u00e4ft. Daher stellen wir uns jeder Herausforderung und jeder Gr\u00f6\u00dfen\u00f6rdnung. Ob Elektroinstallationen, Anlagenschutz oder Prozesstechnik: Mit DG-Industries setzen Sie auf erfahrene H\u00e4nde mit langj\u00e4hriger Dienstleistungskompetenz. Unsere Experten installieren Ihre elektrischen Maschinen und Anlagen, montieren Baugruppen und \u00fcbernehmen auch die [&hellip;]\" \/>\n<meta property=\"og:url\" content=\"https:\/\/dg-industries.net\/en\/montage\/elektrik\/\" \/>\n<meta property=\"og:site_name\" content=\"DG-Industries Group\" \/>\n<meta property=\"article:publisher\" content=\"https:\/\/www.facebook.com\/dgindustries.gmbh\" \/>\n<meta property=\"article:modified_time\" content=\"2023-02-14T11:29:23+00:00\" \/>\n<meta property=\"og:image\" content=\"https:\/\/dg-industries.net\/wp-content\/uploads\/2022\/09\/elektrik-montage-deutschland-1.jpg\" \/>\n\t<meta property=\"og:image:width\" content=\"1080\" \/>\n\t<meta property=\"og:image:height\" content=\"701\" \/>\n\t<meta property=\"og:image:type\" content=\"image\/jpeg\" \/>\n<meta name=\"twitter:card\" content=\"summary_large_image\" \/>\n<meta name=\"twitter:site\" content=\"@dgrobotic\" \/>\n<meta name=\"twitter:label1\" content=\"Estimated reading time\" \/>\n\t<meta name=\"twitter:data1\" content=\"2 minutes\" \/>\n<script type=\"application\/ld+json\" class=\"yoast-schema-graph\">{\"@context\":\"https:\\\/\\\/schema.org\",\"@graph\":[{\"@type\":\"WebPage\",\"@id\":\"https:\\\/\\\/dg-industries.net\\\/montage\\\/elektrik\\\/\",\"url\":\"https:\\\/\\\/dg-industries.net\\\/montage\\\/elektrik\\\/\",\"name\":\"Elektrik &#8226; DG-Industries Group\",\"isPartOf\":{\"@id\":\"https:\\\/\\\/dg-industries.net\\\/#website\"},\"primaryImageOfPage\":{\"@id\":\"https:\\\/\\\/dg-industries.net\\\/montage\\\/elektrik\\\/#primaryimage\"},\"image\":{\"@id\":\"https:\\\/\\\/dg-industries.net\\\/montage\\\/elektrik\\\/#primaryimage\"},\"thumbnailUrl\":\"https:\\\/\\\/dg-industries.net\\\/wp-content\\\/uploads\\\/2022\\\/09\\\/elektrik-montage-deutschland-1.jpg\",\"datePublished\":\"2019-12-11T23:51:53+00:00\",\"dateModified\":\"2023-02-14T11:29:23+00:00\",\"breadcrumb\":{\"@id\":\"https:\\\/\\\/dg-industries.net\\\/montage\\\/elektrik\\\/#breadcrumb\"},\"inLanguage\":\"en-GB\",\"potentialAction\":[{\"@type\":\"ReadAction\",\"target\":[\"https:\\\/\\\/dg-industries.net\\\/montage\\\/elektrik\\\/\"]}]},{\"@type\":\"ImageObject\",\"inLanguage\":\"en-GB\",\"@id\":\"https:\\\/\\\/dg-industries.net\\\/montage\\\/elektrik\\\/#primaryimage\",\"url\":\"https:\\\/\\\/dg-industries.net\\\/wp-content\\\/uploads\\\/2022\\\/09\\\/elektrik-montage-deutschland-1.jpg\",\"contentUrl\":\"https:\\\/\\\/dg-industries.net\\\/wp-content\\\/uploads\\\/2022\\\/09\\\/elektrik-montage-deutschland-1.jpg\",\"width\":1080,\"height\":701,\"caption\":\"elektrik-montage-deutschland\"},{\"@type\":\"BreadcrumbList\",\"@id\":\"https:\\\/\\\/dg-industries.net\\\/montage\\\/elektrik\\\/#breadcrumb\",\"itemListElement\":[{\"@type\":\"ListItem\",\"position\":1,\"name\":\"Startseite\",\"item\":\"https:\\\/\\\/dg-industries.net\\\/\"},{\"@type\":\"ListItem\",\"position\":2,\"name\":\"Montage\",\"item\":\"https:\\\/\\\/dg-industries.net\\\/montage\\\/\"},{\"@type\":\"ListItem\",\"position\":3,\"name\":\"Elektrik\"}]},{\"@type\":\"WebSite\",\"@id\":\"https:\\\/\\\/dg-industries.net\\\/#website\",\"url\":\"https:\\\/\\\/dg-industries.net\\\/\",\"name\":\"DG-Industries: Automation and Robotic Solutions\",\"description\":\"\",\"publisher\":{\"@id\":\"https:\\\/\\\/dg-industries.net\\\/#organization\"},\"potentialAction\":[{\"@type\":\"SearchAction\",\"target\":{\"@type\":\"EntryPoint\",\"urlTemplate\":\"https:\\\/\\\/dg-industries.net\\\/?s={search_term_string}\"},\"query-input\":{\"@type\":\"PropertyValueSpecification\",\"valueRequired\":true,\"valueName\":\"search_term_string\"}}],\"inLanguage\":\"en-GB\"},{\"@type\":\"Organization\",\"@id\":\"https:\\\/\\\/dg-industries.net\\\/#organization\",\"name\":\"DG-Industries: Automation and Robotic Solutions\",\"url\":\"https:\\\/\\\/dg-industries.net\\\/\",\"logo\":{\"@type\":\"ImageObject\",\"inLanguage\":\"en-GB\",\"@id\":\"https:\\\/\\\/dg-industries.net\\\/#\\\/schema\\\/logo\\\/image\\\/\",\"url\":\"https:\\\/\\\/dg-industries.net\\\/wp-content\\\/uploads\\\/2022\\\/11\\\/dgi-logo-shwarz.png\",\"contentUrl\":\"https:\\\/\\\/dg-industries.net\\\/wp-content\\\/uploads\\\/2022\\\/11\\\/dgi-logo-shwarz.png\",\"width\":1599,\"height\":349,\"caption\":\"DG-Industries: Automation and Robotic Solutions\"},\"image\":{\"@id\":\"https:\\\/\\\/dg-industries.net\\\/#\\\/schema\\\/logo\\\/image\\\/\"},\"sameAs\":[\"https:\\\/\\\/www.facebook.com\\\/dgindustries.gmbh\",\"https:\\\/\\\/x.com\\\/dgrobotic\",\"https:\\\/\\\/www.instagram.com\\\/dgindustries.gmbh\\\/\",\"https:\\\/\\\/www.linkedin.com\\\/company\\\/dg-industries-gmbh\"]}]}<\/script>\n<!-- \/ Yoast SEO plugin. -->","yoast_head_json":{"title":"Elektrik &#8226; DG-Industries Group","robots":{"index":"index","follow":"follow","max-snippet":"max-snippet:-1","max-image-preview":"max-image-preview:large","max-video-preview":"max-video-preview:-1"},"canonical":"https:\/\/dg-industries.net\/en\/montage\/elektrik\/","og_locale":"en_GB","og_type":"article","og_title":"Elektrik &#8226; DG-Industries Group","og_description":"Ihr Experte f\u00fcr Elektrik und Elektronik Als weltweiter Dienstleister f\u00fcr Industriemontage geh\u00f6ren elektrische\/elektronische Arbeiten zu unserem Hauptgesch\u00e4ft. Daher stellen wir uns jeder Herausforderung und jeder Gr\u00f6\u00dfen\u00f6rdnung. Ob Elektroinstallationen, Anlagenschutz oder Prozesstechnik: Mit DG-Industries setzen Sie auf erfahrene H\u00e4nde mit langj\u00e4hriger Dienstleistungskompetenz. Unsere Experten installieren Ihre elektrischen Maschinen und Anlagen, montieren Baugruppen und \u00fcbernehmen auch die [&hellip;]","og_url":"https:\/\/dg-industries.net\/en\/montage\/elektrik\/","og_site_name":"DG-Industries Group","article_publisher":"https:\/\/www.facebook.com\/dgindustries.gmbh","article_modified_time":"2023-02-14T11:29:23+00:00","og_image":[{"width":1080,"height":701,"url":"https:\/\/dg-industries.net\/wp-content\/uploads\/2022\/09\/elektrik-montage-deutschland-1.jpg","type":"image\/jpeg"}],"twitter_card":"summary_large_image","twitter_site":"@dgrobotic","twitter_misc":{"Estimated reading time":"2 minutes"},"schema":{"@context":"https:\/\/schema.org","@graph":[{"@type":"WebPage","@id":"https:\/\/dg-industries.net\/montage\/elektrik\/","url":"https:\/\/dg-industries.net\/montage\/elektrik\/","name":"Elektrik &#8226; DG-Industries Group","isPartOf":{"@id":"https:\/\/dg-industries.net\/#website"},"primaryImageOfPage":{"@id":"https:\/\/dg-industries.net\/montage\/elektrik\/#primaryimage"},"image":{"@id":"https:\/\/dg-industries.net\/montage\/elektrik\/#primaryimage"},"thumbnailUrl":"https:\/\/dg-industries.net\/wp-content\/uploads\/2022\/09\/elektrik-montage-deutschland-1.jpg","datePublished":"2019-12-11T23:51:53+00:00","dateModified":"2023-02-14T11:29:23+00:00","breadcrumb":{"@id":"https:\/\/dg-industries.net\/montage\/elektrik\/#breadcrumb"},"inLanguage":"en-GB","potentialAction":[{"@type":"ReadAction","target":["https:\/\/dg-industries.net\/montage\/elektrik\/"]}]},{"@type":"ImageObject","inLanguage":"en-GB","@id":"https:\/\/dg-industries.net\/montage\/elektrik\/#primaryimage","url":"https:\/\/dg-industries.net\/wp-content\/uploads\/2022\/09\/elektrik-montage-deutschland-1.jpg","contentUrl":"https:\/\/dg-industries.net\/wp-content\/uploads\/2022\/09\/elektrik-montage-deutschland-1.jpg","width":1080,"height":701,"caption":"elektrik-montage-deutschland"},{"@type":"BreadcrumbList","@id":"https:\/\/dg-industries.net\/montage\/elektrik\/#breadcrumb","itemListElement":[{"@type":"ListItem","position":1,"name":"Startseite","item":"https:\/\/dg-industries.net\/"},{"@type":"ListItem","position":2,"name":"Montage","item":"https:\/\/dg-industries.net\/montage\/"},{"@type":"ListItem","position":3,"name":"Elektrik"}]},{"@type":"WebSite","@id":"https:\/\/dg-industries.net\/#website","url":"https:\/\/dg-industries.net\/","name":"DG-Industries: Automation and Robotic Solutions","description":"","publisher":{"@id":"https:\/\/dg-industries.net\/#organization"},"potentialAction":[{"@type":"SearchAction","target":{"@type":"EntryPoint","urlTemplate":"https:\/\/dg-industries.net\/?s={search_term_string}"},"query-input":{"@type":"PropertyValueSpecification","valueRequired":true,"valueName":"search_term_string"}}],"inLanguage":"en-GB"},{"@type":"Organization","@id":"https:\/\/dg-industries.net\/#organization","name":"DG-Industries: Automation and Robotic Solutions","url":"https:\/\/dg-industries.net\/","logo":{"@type":"ImageObject","inLanguage":"en-GB","@id":"https:\/\/dg-industries.net\/#\/schema\/logo\/image\/","url":"https:\/\/dg-industries.net\/wp-content\/uploads\/2022\/11\/dgi-logo-shwarz.png","contentUrl":"https:\/\/dg-industries.net\/wp-content\/uploads\/2022\/11\/dgi-logo-shwarz.png","width":1599,"height":349,"caption":"DG-Industries: Automation and Robotic Solutions"},"image":{"@id":"https:\/\/dg-industries.net\/#\/schema\/logo\/image\/"},"sameAs":["https:\/\/www.facebook.com\/dgindustries.gmbh","https:\/\/x.com\/dgrobotic","https:\/\/www.instagram.com\/dgindustries.gmbh\/","https:\/\/www.linkedin.com\/company\/dg-industries-gmbh"]}]}},"_links":{"self":[{"href":"https:\/\/dg-industries.net\/en\/wp-json\/wp\/v2\/pages\/126","targetHints":{"allow":["GET"]}}],"collection":[{"href":"https:\/\/dg-industries.net\/en\/wp-json\/wp\/v2\/pages"}],"about":[{"href":"https:\/\/dg-industries.net\/en\/wp-json\/wp\/v2\/types\/page"}],"author":[{"embeddable":true,"href":"https:\/\/dg-industries.net\/en\/wp-json\/wp\/v2\/users\/2"}],"replies":[{"embeddable":true,"href":"https:\/\/dg-industries.net\/en\/wp-json\/wp\/v2\/comments?post=126"}],"version-history":[{"count":29,"href":"https:\/\/dg-industries.net\/en\/wp-json\/wp\/v2\/pages\/126\/revisions"}],"predecessor-version":[{"id":1882,"href":"https:\/\/dg-industries.net\/en\/wp-json\/wp\/v2\/pages\/126\/revisions\/1882"}],"up":[{"embeddable":true,"href":"https:\/\/dg-industries.net\/en\/wp-json\/wp\/v2\/pages\/131"}],"wp:featuredmedia":[{"embeddable":true,"href":"https:\/\/dg-industries.net\/en\/wp-json\/wp\/v2\/media\/332"}],"wp:attachment":[{"href":"https:\/\/dg-industries.net\/en\/wp-json\/wp\/v2\/media?parent=126"}],"curies":[{"name":"wp","href":"https:\/\/api.w.org\/{rel}","templated":true}]}}