{"id":1510,"date":"2022-11-16T16:12:57","date_gmt":"2022-11-16T15:12:57","guid":{"rendered":"https:\/\/test.dg-industries.net\/?page_id=1510"},"modified":"2025-03-22T12:55:25","modified_gmt":"2025-03-22T11:55:25","slug":"impressum","status":"publish","type":"page","link":"https:\/\/dg-industries.net\/en\/impressum\/","title":{"rendered":"About this website"},"content":{"rendered":"<p>[et_pb_section fb_built=&#8220;1&#8243; _builder_version=&#8220;4.17.4&#8243; custom_padding=&#8220;||180px||false|false&#8220; bottom_divider_style=&#8220;asymmetric&#8220; bottom_divider_color=&#8220;#222222&#8243; global_colors_info=&#8220;{}&#8220;][et_pb_row _builder_version=&#8220;4.16&#8243; global_colors_info=&#8220;{}&#8220;][et_pb_column type=&#8220;4_4&#8243; _builder_version=&#8220;4.16&#8243; global_colors_info=&#8220;{}&#8220;][et_pb_text _builder_version=&#8220;4.16&#8243; _dynamic_attributes=&#8220;content&#8220; global_colors_info=&#8220;{}&#8220;]@ET-DC@eyJkeW5hbWljIjp0cnVlLCJjb250ZW50IjoicG9zdF90aXRsZSIsInNldHRpbmdzIjp7ImJlZm9yZSI6IjxoMT4iLCJhZnRlciI6IjwvaDE+In19@[\/et_pb_text][et_pb_text _builder_version=&#8220;4.25.1&#8243; header_3_font=&#8220;|300|||||||&#8220; header_3_text_color=&#8220;#444444&#8243; hover_enabled=&#8220;0&#8243; global_colors_info=&#8220;{}&#8220; sticky_enabled=&#8220;0&#8243;]<\/p>\n<p>&nbsp;<\/p>\n<h3>Seitenbetreiber i.S.d. \u00a7 5 TMG<\/h3>\n<p>DG &#8211; Industries Holding GmbH<br \/>DGI &#8211; Automation and Robotic Solutions GmbH<br \/>DGI &#8211; Industriemontagen GmbH<\/p>\n<p>Handelsregister:<br \/>Holding: HRB 34382<br \/>Automation: HRB 29984<br \/>Industriemontagen: HRB 34773<\/p>\n<p>Ust.-ID Nummern:<br \/>Holding: DE 369292792<br \/>Automation: DE 345723657<br \/>Industriemontagen:\u00a0DE\u00a0451448644<\/p>\n<p class=\"bodytext\"><img loading=\"lazy\" decoding=\"async\" width=\"168\" height=\"168\" src=\"https:\/\/seal.website-check.de\/seal.php?token=eyJhbGciOiJIUzI1NiIsInR5cCI6IkpXVCJ9.eyJ3aWQiOiIzNjIxNiIsInQiOiJpbXByaW50IiwiaWF0IjoxNjYzNjYyNjA4fQ.RiSeZafIoYozek4fUgCMaMq6oZuvjNuNALnPj0fHS_g\" alt=\"\" class=\"size-medium alignnone\" \/><\/p>\n<p>&nbsp;<\/p>\n<p>&nbsp;<\/p>\n<h3>Urheberrecht und Bildnachweise<\/h3>\n<p>Die Inhalte von dg-industries.net sind \u2013 soweit nicht abweichend angegeben \u2013 urheberrechtlich gesch\u00fctzt. Verwendete Fotografien sind ggf. mit Bildnachweisen gekennzeichnet oder unten aufgef\u00fchrt, soweit sie nicht selbst angefertigt wurden. Die Verwendung von Fotografien auf Drittseiten ist nur im Rahmen der jeweiligen Lizenz der Urheber m\u00f6glich.<\/p>\n<p>Startseite-Prototypenbau: Pixel_B \/ Adobe Stock<br \/>Elektrik: kunakorn \/ Adobe Stock<br \/>Mechanik: Ph.wittaya \/ Shutterstock<br \/>Robotik:<br \/>Inbetriebnahme: Ridvan \/ Adobe Stock<br \/>Bauleitung: Supachai \/ Adobe Stock<br \/>SPS: getti \/ Adobe Stock<br \/>Instandhaltung: pantor \/ Adobe Stock<br \/>Instandsetzung: Kanemme6 \/ Adobe Stock<br \/>E-Charging: DavidSch \/ Adobe Stock<br \/>Box auf Unterseiten: stockddvideo \/ Adobe Stock<\/p>\n<h3>Haftung f\u00fcr Inhalte<\/h3>\n<p>Umsatzsteuer-Identifikationsnummer gem\u00e4\u00df \u00a7 Als Diensteanbieter sind wir gem\u00e4\u00df \u00a7 7 Abs.1 TMG f\u00fcr eigene Inhalte auf diesen Seiten nach den allgemeinen Gesetzen verantwortlich. Nach \u00a7\u00a7 8 bis 10 TMG sind wir als Diensteanbieter jedoch nicht verpflichtet, \u00fcbermittelte oder gespeicherte fremde Informationen zu \u00fcberwachen oder nach Umst\u00e4nden zu forschen, die auf eine rechtswidrige T\u00e4tigkeit hinweisen. Verpflichtungen zur Entfernung oder Sperrung der Nutzung von Informationen nach den allgemeinen Gesetzen bleiben hiervon unber\u00fchrt. Eine diesbez\u00fcgliche Haftung ist jedoch erst ab dem Zeitpunkt der Kenntnis einer konkreten Rechtsverletzung m\u00f6glich. Bei Bekanntwerden von entsprechenden Rechtsverletzungen werden wir diese Inhalte umgehend entfernen. a Umsatzsteuergesetz DE 309765867<\/p>\n<h3>Urheberrecht<\/h3>\n<p>Die durch die Seitenbetreiber erstellten Inhalte und Werke auf diesen Seiten unterliegen dem deutschen Urheberrecht. Die Vervielf\u00e4ltigung, Bearbeitung, Verbreitung und jede Art der Verwertung au\u00dferhalb der Grenzen des Urheberrechtes bed\u00fcrfen der schriftlichen Zustimmung des jeweiligen Autors bzw. Erstellers. Downloads und Kopien dieser Seite sind nur f\u00fcr den privaten, nicht kommerziellen Gebrauch gestattet. Soweit die Inhalte auf dieser Seite nicht vom Betreiber erstellt wurden, werden die Urheberrechte Dritter beachtet. Insbesondere werden Inhalte Dritter als solche gekennzeichnet. Sollten Sie trotzdem auf eine Urheberrechtsverletzung aufmerksam werden, bitten wir um einen entsprechenden Hinweis. Bei Bekanntwerden von Rechtsverletzungen werden wir derartige Inhalte umgehend entfernen.<\/p>\n<p>[\/et_pb_text][\/et_pb_column][\/et_pb_row][\/et_pb_section]<\/p>\n","protected":false},"excerpt":{"rendered":"<p>&nbsp; Seitenbetreiber i.S.d. \u00a7 5 TMG DG &#8211; Industries Holding GmbHDGI &#8211; Automation and Robotic Solutions GmbHDGI &#8211; Industriemontagen GmbH Handelsregister:Holding: HRB 34382Automation: HRB 29984Industriemontagen: HRB 34773 Ust.-ID Nummern:Holding: DE 369292792Automation: DE 345723657Industriemontagen:\u00a0DE\u00a0451448644 &nbsp; &nbsp; Urheberrecht und Bildnachweise Die Inhalte von dg-industries.net sind \u2013 soweit nicht abweichend angegeben \u2013 urheberrechtlich gesch\u00fctzt. Verwendete Fotografien sind ggf. [&hellip;]<\/p>\n","protected":false},"author":1,"featured_media":0,"parent":0,"menu_order":0,"comment_status":"closed","ping_status":"closed","template":"","meta":{"_et_pb_use_builder":"on","_et_pb_old_content":"<!-- wp:divi\/placeholder \/-->","_et_gb_content_width":"","footnotes":""},"class_list":["post-1510","page","type-page","status-publish","hentry"],"yoast_head":"<!-- This site is optimized with the Yoast SEO plugin v27.3 - https:\/\/yoast.com\/product\/yoast-seo-wordpress\/ -->\n<title>Impressum &#8226; DG-Industries Group<\/title>\n<meta name=\"robots\" content=\"index, follow, max-snippet:-1, max-image-preview:large, max-video-preview:-1\" \/>\n<link rel=\"canonical\" href=\"https:\/\/dg-industries.net\/en\/impressum\/\" \/>\n<meta property=\"og:locale\" content=\"en_GB\" \/>\n<meta property=\"og:type\" content=\"article\" \/>\n<meta property=\"og:title\" content=\"Impressum &#8226; DG-Industries Group\" \/>\n<meta property=\"og:description\" content=\"&nbsp; Seitenbetreiber i.S.d. \u00a7 5 TMG DG - Industries Holding GmbHDGI - Automation and Robotic Solutions GmbHDGI - Industriemontagen GmbH Handelsregister:Holding: HRB 34382Automation: HRB 29984Industriemontagen: HRB 34773 Ust.-ID Nummern:Holding: DE 369292792Automation: DE 345723657Industriemontagen:\u00a0DE\u00a0451448644 &nbsp; &nbsp; Urheberrecht und Bildnachweise Die Inhalte von dg-industries.net sind \u2013 soweit nicht abweichend angegeben \u2013 urheberrechtlich gesch\u00fctzt. Verwendete Fotografien sind ggf. [&hellip;]\" \/>\n<meta property=\"og:url\" content=\"https:\/\/dg-industries.net\/en\/impressum\/\" \/>\n<meta property=\"og:site_name\" content=\"DG-Industries Group\" \/>\n<meta property=\"article:publisher\" content=\"https:\/\/www.facebook.com\/dgindustries.gmbh\" \/>\n<meta property=\"article:modified_time\" content=\"2025-03-22T11:55:25+00:00\" \/>\n<meta property=\"og:image\" content=\"https:\/\/seal.website-check.de\/seal.php?token=eyJhbGciOiJIUzI1NiIsInR5cCI6IkpXVCJ9.eyJ3aWQiOiIzNjIxNiIsInQiOiJpbXByaW50IiwiaWF0IjoxNjYzNjYyNjA4fQ.RiSeZafIoYozek4fUgCMaMq6oZuvjNuNALnPj0fHS_g\" \/>\n<meta name=\"twitter:card\" content=\"summary_large_image\" \/>\n<meta name=\"twitter:site\" content=\"@dgrobotic\" \/>\n<meta name=\"twitter:label1\" content=\"Estimated reading time\" \/>\n\t<meta name=\"twitter:data1\" content=\"2 minutes\" \/>\n<script type=\"application\/ld+json\" class=\"yoast-schema-graph\">{\"@context\":\"https:\\\/\\\/schema.org\",\"@graph\":[{\"@type\":\"WebPage\",\"@id\":\"https:\\\/\\\/dg-industries.net\\\/impressum\\\/\",\"url\":\"https:\\\/\\\/dg-industries.net\\\/impressum\\\/\",\"name\":\"Impressum &#8226; DG-Industries Group\",\"isPartOf\":{\"@id\":\"https:\\\/\\\/dg-industries.net\\\/#website\"},\"primaryImageOfPage\":{\"@id\":\"https:\\\/\\\/dg-industries.net\\\/impressum\\\/#primaryimage\"},\"image\":{\"@id\":\"https:\\\/\\\/dg-industries.net\\\/impressum\\\/#primaryimage\"},\"thumbnailUrl\":\"https:\\\/\\\/seal.website-check.de\\\/seal.php?token=eyJhbGciOiJIUzI1NiIsInR5cCI6IkpXVCJ9.eyJ3aWQiOiIzNjIxNiIsInQiOiJpbXByaW50IiwiaWF0IjoxNjYzNjYyNjA4fQ.RiSeZafIoYozek4fUgCMaMq6oZuvjNuNALnPj0fHS_g\",\"datePublished\":\"2022-11-16T15:12:57+00:00\",\"dateModified\":\"2025-03-22T11:55:25+00:00\",\"breadcrumb\":{\"@id\":\"https:\\\/\\\/dg-industries.net\\\/impressum\\\/#breadcrumb\"},\"inLanguage\":\"en-GB\",\"potentialAction\":[{\"@type\":\"ReadAction\",\"target\":[\"https:\\\/\\\/dg-industries.net\\\/impressum\\\/\"]}]},{\"@type\":\"ImageObject\",\"inLanguage\":\"en-GB\",\"@id\":\"https:\\\/\\\/dg-industries.net\\\/impressum\\\/#primaryimage\",\"url\":\"https:\\\/\\\/seal.website-check.de\\\/seal.php?token=eyJhbGciOiJIUzI1NiIsInR5cCI6IkpXVCJ9.eyJ3aWQiOiIzNjIxNiIsInQiOiJpbXByaW50IiwiaWF0IjoxNjYzNjYyNjA4fQ.RiSeZafIoYozek4fUgCMaMq6oZuvjNuNALnPj0fHS_g\",\"contentUrl\":\"https:\\\/\\\/seal.website-check.de\\\/seal.php?token=eyJhbGciOiJIUzI1NiIsInR5cCI6IkpXVCJ9.eyJ3aWQiOiIzNjIxNiIsInQiOiJpbXByaW50IiwiaWF0IjoxNjYzNjYyNjA4fQ.RiSeZafIoYozek4fUgCMaMq6oZuvjNuNALnPj0fHS_g\"},{\"@type\":\"BreadcrumbList\",\"@id\":\"https:\\\/\\\/dg-industries.net\\\/impressum\\\/#breadcrumb\",\"itemListElement\":[{\"@type\":\"ListItem\",\"position\":1,\"name\":\"Startseite\",\"item\":\"https:\\\/\\\/dg-industries.net\\\/\"},{\"@type\":\"ListItem\",\"position\":2,\"name\":\"Impressum\"}]},{\"@type\":\"WebSite\",\"@id\":\"https:\\\/\\\/dg-industries.net\\\/#website\",\"url\":\"https:\\\/\\\/dg-industries.net\\\/\",\"name\":\"DG-Industries: Automation and Robotic Solutions\",\"description\":\"\",\"publisher\":{\"@id\":\"https:\\\/\\\/dg-industries.net\\\/#organization\"},\"potentialAction\":[{\"@type\":\"SearchAction\",\"target\":{\"@type\":\"EntryPoint\",\"urlTemplate\":\"https:\\\/\\\/dg-industries.net\\\/?s={search_term_string}\"},\"query-input\":{\"@type\":\"PropertyValueSpecification\",\"valueRequired\":true,\"valueName\":\"search_term_string\"}}],\"inLanguage\":\"en-GB\"},{\"@type\":\"Organization\",\"@id\":\"https:\\\/\\\/dg-industries.net\\\/#organization\",\"name\":\"DG-Industries: Automation and Robotic Solutions\",\"url\":\"https:\\\/\\\/dg-industries.net\\\/\",\"logo\":{\"@type\":\"ImageObject\",\"inLanguage\":\"en-GB\",\"@id\":\"https:\\\/\\\/dg-industries.net\\\/#\\\/schema\\\/logo\\\/image\\\/\",\"url\":\"https:\\\/\\\/dg-industries.net\\\/wp-content\\\/uploads\\\/2022\\\/11\\\/dgi-logo-shwarz.png\",\"contentUrl\":\"https:\\\/\\\/dg-industries.net\\\/wp-content\\\/uploads\\\/2022\\\/11\\\/dgi-logo-shwarz.png\",\"width\":1599,\"height\":349,\"caption\":\"DG-Industries: Automation and Robotic Solutions\"},\"image\":{\"@id\":\"https:\\\/\\\/dg-industries.net\\\/#\\\/schema\\\/logo\\\/image\\\/\"},\"sameAs\":[\"https:\\\/\\\/www.facebook.com\\\/dgindustries.gmbh\",\"https:\\\/\\\/x.com\\\/dgrobotic\",\"https:\\\/\\\/www.instagram.com\\\/dgindustries.gmbh\\\/\",\"https:\\\/\\\/www.linkedin.com\\\/company\\\/dg-industries-gmbh\"]}]}<\/script>\n<!-- \/ Yoast SEO plugin. -->","yoast_head_json":{"title":"Impressum &#8226; DG-Industries Group","robots":{"index":"index","follow":"follow","max-snippet":"max-snippet:-1","max-image-preview":"max-image-preview:large","max-video-preview":"max-video-preview:-1"},"canonical":"https:\/\/dg-industries.net\/en\/impressum\/","og_locale":"en_GB","og_type":"article","og_title":"Impressum &#8226; DG-Industries Group","og_description":"&nbsp; Seitenbetreiber i.S.d. \u00a7 5 TMG DG - Industries Holding GmbHDGI - Automation and Robotic Solutions GmbHDGI - Industriemontagen GmbH Handelsregister:Holding: HRB 34382Automation: HRB 29984Industriemontagen: HRB 34773 Ust.-ID Nummern:Holding: DE 369292792Automation: DE 345723657Industriemontagen:\u00a0DE\u00a0451448644 &nbsp; &nbsp; Urheberrecht und Bildnachweise Die Inhalte von dg-industries.net sind \u2013 soweit nicht abweichend angegeben \u2013 urheberrechtlich gesch\u00fctzt. Verwendete Fotografien sind ggf. [&hellip;]","og_url":"https:\/\/dg-industries.net\/en\/impressum\/","og_site_name":"DG-Industries Group","article_publisher":"https:\/\/www.facebook.com\/dgindustries.gmbh","article_modified_time":"2025-03-22T11:55:25+00:00","og_image":[{"url":"https:\/\/seal.website-check.de\/seal.php?token=eyJhbGciOiJIUzI1NiIsInR5cCI6IkpXVCJ9.eyJ3aWQiOiIzNjIxNiIsInQiOiJpbXByaW50IiwiaWF0IjoxNjYzNjYyNjA4fQ.RiSeZafIoYozek4fUgCMaMq6oZuvjNuNALnPj0fHS_g","type":"","width":"","height":""}],"twitter_card":"summary_large_image","twitter_site":"@dgrobotic","twitter_misc":{"Estimated reading time":"2 minutes"},"schema":{"@context":"https:\/\/schema.org","@graph":[{"@type":"WebPage","@id":"https:\/\/dg-industries.net\/impressum\/","url":"https:\/\/dg-industries.net\/impressum\/","name":"Impressum &#8226; DG-Industries Group","isPartOf":{"@id":"https:\/\/dg-industries.net\/#website"},"primaryImageOfPage":{"@id":"https:\/\/dg-industries.net\/impressum\/#primaryimage"},"image":{"@id":"https:\/\/dg-industries.net\/impressum\/#primaryimage"},"thumbnailUrl":"https:\/\/seal.website-check.de\/seal.php?token=eyJhbGciOiJIUzI1NiIsInR5cCI6IkpXVCJ9.eyJ3aWQiOiIzNjIxNiIsInQiOiJpbXByaW50IiwiaWF0IjoxNjYzNjYyNjA4fQ.RiSeZafIoYozek4fUgCMaMq6oZuvjNuNALnPj0fHS_g","datePublished":"2022-11-16T15:12:57+00:00","dateModified":"2025-03-22T11:55:25+00:00","breadcrumb":{"@id":"https:\/\/dg-industries.net\/impressum\/#breadcrumb"},"inLanguage":"en-GB","potentialAction":[{"@type":"ReadAction","target":["https:\/\/dg-industries.net\/impressum\/"]}]},{"@type":"ImageObject","inLanguage":"en-GB","@id":"https:\/\/dg-industries.net\/impressum\/#primaryimage","url":"https:\/\/seal.website-check.de\/seal.php?token=eyJhbGciOiJIUzI1NiIsInR5cCI6IkpXVCJ9.eyJ3aWQiOiIzNjIxNiIsInQiOiJpbXByaW50IiwiaWF0IjoxNjYzNjYyNjA4fQ.RiSeZafIoYozek4fUgCMaMq6oZuvjNuNALnPj0fHS_g","contentUrl":"https:\/\/seal.website-check.de\/seal.php?token=eyJhbGciOiJIUzI1NiIsInR5cCI6IkpXVCJ9.eyJ3aWQiOiIzNjIxNiIsInQiOiJpbXByaW50IiwiaWF0IjoxNjYzNjYyNjA4fQ.RiSeZafIoYozek4fUgCMaMq6oZuvjNuNALnPj0fHS_g"},{"@type":"BreadcrumbList","@id":"https:\/\/dg-industries.net\/impressum\/#breadcrumb","itemListElement":[{"@type":"ListItem","position":1,"name":"Startseite","item":"https:\/\/dg-industries.net\/"},{"@type":"ListItem","position":2,"name":"Impressum"}]},{"@type":"WebSite","@id":"https:\/\/dg-industries.net\/#website","url":"https:\/\/dg-industries.net\/","name":"DG-Industries: Automation and Robotic Solutions","description":"","publisher":{"@id":"https:\/\/dg-industries.net\/#organization"},"potentialAction":[{"@type":"SearchAction","target":{"@type":"EntryPoint","urlTemplate":"https:\/\/dg-industries.net\/?s={search_term_string}"},"query-input":{"@type":"PropertyValueSpecification","valueRequired":true,"valueName":"search_term_string"}}],"inLanguage":"en-GB"},{"@type":"Organization","@id":"https:\/\/dg-industries.net\/#organization","name":"DG-Industries: Automation and Robotic Solutions","url":"https:\/\/dg-industries.net\/","logo":{"@type":"ImageObject","inLanguage":"en-GB","@id":"https:\/\/dg-industries.net\/#\/schema\/logo\/image\/","url":"https:\/\/dg-industries.net\/wp-content\/uploads\/2022\/11\/dgi-logo-shwarz.png","contentUrl":"https:\/\/dg-industries.net\/wp-content\/uploads\/2022\/11\/dgi-logo-shwarz.png","width":1599,"height":349,"caption":"DG-Industries: Automation and Robotic Solutions"},"image":{"@id":"https:\/\/dg-industries.net\/#\/schema\/logo\/image\/"},"sameAs":["https:\/\/www.facebook.com\/dgindustries.gmbh","https:\/\/x.com\/dgrobotic","https:\/\/www.instagram.com\/dgindustries.gmbh\/","https:\/\/www.linkedin.com\/company\/dg-industries-gmbh"]}]}},"_links":{"self":[{"href":"https:\/\/dg-industries.net\/en\/wp-json\/wp\/v2\/pages\/1510","targetHints":{"allow":["GET"]}}],"collection":[{"href":"https:\/\/dg-industries.net\/en\/wp-json\/wp\/v2\/pages"}],"about":[{"href":"https:\/\/dg-industries.net\/en\/wp-json\/wp\/v2\/types\/page"}],"author":[{"embeddable":true,"href":"https:\/\/dg-industries.net\/en\/wp-json\/wp\/v2\/users\/1"}],"replies":[{"embeddable":true,"href":"https:\/\/dg-industries.net\/en\/wp-json\/wp\/v2\/comments?post=1510"}],"version-history":[{"count":7,"href":"https:\/\/dg-industries.net\/en\/wp-json\/wp\/v2\/pages\/1510\/revisions"}],"predecessor-version":[{"id":2277,"href":"https:\/\/dg-industries.net\/en\/wp-json\/wp\/v2\/pages\/1510\/revisions\/2277"}],"wp:attachment":[{"href":"https:\/\/dg-industries.net\/en\/wp-json\/wp\/v2\/media?parent=1510"}],"curies":[{"name":"wp","href":"https:\/\/api.w.org\/{rel}","templated":true}]}}