{"id":98,"date":"2019-12-13T17:46:31","date_gmt":"2019-12-13T17:46:31","guid":{"rendered":"https:\/\/demos.peeayecreative.com\/construction\/?page_id=2158"},"modified":"2022-11-21T20:11:06","modified_gmt":"2022-11-21T19:11:06","slug":"einsatzorte","status":"publish","type":"page","link":"https:\/\/dg-industries.net\/en\/einsatzorte\/","title":{"rendered":"Locations"},"content":{"rendered":"<p>[et_pb_section fb_built=&#8220;1&#8243; custom_padding_last_edited=&#8220;on|phone&#8220; admin_label=&#8220;Services Page Header Section&#8220; module_class=&#8220;pa-overlay pa-hover-section&#8220; _builder_version=&#8220;4.17.4&#8243; use_background_color_gradient=&#8220;on&#8220; background_color_gradient_stops=&#8220;rgba(0,0,0,0.5) 0%|rgba(0,0,0,0.7) 100%&#8220; background_color_gradient_start=&#8220;rgba(0,0,0,0.5)&#8220; background_color_gradient_end=&#8220;rgba(0,0,0,0.7)&#8220; background_image=&#8220;http:\/\/dg-industries.net\/wp-content\/uploads\/2022\/09\/WhatsApp-Image-2022-05-15-at-15.43.55-4.jpeg&#8220; parallax=&#8220;on&#8220; custom_padding=&#8220;100px||180px||false|false&#8220; custom_padding_tablet=&#8220;40px||130px|&#8220; custom_padding_phone=&#8220;40px||120px|&#8220; top_divider_color=&#8220;#1b273d&#8220; bottom_divider_style=&#8220;asymmetric&#8220; bottom_divider_color=&#8220;#F4F4F4&#8243; bottom_divider_height_tablet=&#8220;75px&#8220; bottom_divider_height_phone=&#8220;60px&#8220; bottom_divider_height_last_edited=&#8220;on|tablet&#8220; hover_enabled=&#8220;0&#8243; global_colors_info=&#8220;{}&#8220; sticky_enabled=&#8220;0&#8243;][et_pb_row column_structure=&#8220;2_3,1_3&#8243; custom_padding_last_edited=&#8220;on|phone&#8220; admin_label=&#8220;Services Page Header Row&#8220; _builder_version=&#8220;4.16&#8243; max_width=&#8220;80%&#8220; custom_padding_tablet=&#8220;||0px|&#8220; custom_padding_phone=&#8220;||0px|&#8220; use_custom_width=&#8220;on&#8220; width_unit=&#8220;off&#8220; global_colors_info=&#8220;{}&#8220;][et_pb_column type=&#8220;2_3&#8243; module_class=&#8220;pa-hover-section&#8220; _builder_version=&#8220;4.16&#8243; custom_padding=&#8220;|||&#8220; global_colors_info=&#8220;{}&#8220; custom_padding__hover=&#8220;|||&#8220;][et_pb_text admin_label=&#8220;Services Page Subheading&#8220; module_class=&#8220;pa-subhead-left&#8220; _builder_version=&#8220;4.16&#8243; header_font=&#8220;||||||||&#8220; header_2_font=&#8220;|700||on|||||&#8220; header_2_text_align=&#8220;center&#8220; header_2_text_color=&#8220;#444444&#8243; header_3_text_color=&#8220;#aaaaaa&#8220; animation_style=&#8220;fold&#8220; animation_direction=&#8220;bottom&#8220; animation_intensity_fold=&#8220;15%&#8220; header_3_font_size_tablet=&#8220;20px&#8220; header_3_font_size_phone=&#8220;18px&#8220; header_3_font_size_last_edited=&#8220;on|tablet&#8220; global_colors_info=&#8220;{}&#8220;]<\/p>\n<h3>EinsatzorTe<\/h3>\n<p>[\/et_pb_text][et_pb_text admin_label=&#8220;Services Page Heading and Text&#8220; _builder_version=&#8220;4.16&#8243; header_2_font=&#8220;|700||on|||||&#8220; header_2_font_size=&#8220;36px&#8220; header_3_font=&#8220;|300|||||||&#8220; background_layout=&#8220;dark&#8220; max_width_last_edited=&#8220;off|desktop&#8220; animation_style=&#8220;fold&#8220; animation_direction=&#8220;bottom&#8220; animation_intensity_fold=&#8220;15%&#8220; text_font_size_tablet=&#8220;20px&#8220; text_font_size_phone=&#8220;18px&#8220; header_2_font_size_tablet=&#8220;30px&#8220; header_2_font_size_phone=&#8220;24px&#8220; header_2_font_size_last_edited=&#8220;on|desktop&#8220; global_colors_info=&#8220;{}&#8220;]<\/p>\n<h1>Wir machen Industrie.<b> Weltweit.<\/b><\/h1>\n<p>Rund um den Globus sind wir f\u00fcr zahlreiche Unternehmen t\u00e4tig. Hier finden Sie eine Auswahl der St\u00e4dte, in denen wir f\u00fcr unsere Kunden verschiedene Anlagenprojekte realisiert haben.<\/p>\n<p>[\/et_pb_text][\/et_pb_column][et_pb_column type=&#8220;1_3&#8243; _builder_version=&#8220;4.16&#8243; custom_padding=&#8220;|||&#8220; custom_padding_tablet=&#8220;30px|||&#8220; custom_padding_phone=&#8220;20px|||&#8220; custom_padding_last_edited=&#8220;on|tablet&#8220; global_colors_info=&#8220;{}&#8220; padding_phone=&#8220;20px|||&#8220; padding_tablet=&#8220;30px|||&#8220; padding_last_edited=&#8220;on|tablet&#8220; custom_padding__hover=&#8220;|||&#8220;][\/et_pb_column][\/et_pb_row][\/et_pb_section][et_pb_section fb_built=&#8220;1&#8243; custom_padding_last_edited=&#8220;on|tablet&#8220; admin_label=&#8220;FAQ Section&#8220; _builder_version=&#8220;4.17.4&#8243; background_color=&#8220;#F4F4F4&#8243; custom_padding=&#8220;50px|0px|150px|0px|false|false&#8220; custom_padding_tablet=&#8220;0px|||&#8220; custom_padding_phone=&#8220;40px|0px|80px|0px|false|false&#8220; top_divider_color=&#8220;#ffb600&#8243; bottom_divider_style=&#8220;asymmetric&#8220; bottom_divider_color=&#8220;#222222&#8243; bottom_divider_height_tablet=&#8220;75px&#8220; bottom_divider_height_phone=&#8220;60px&#8220; bottom_divider_height_last_edited=&#8220;on|phone&#8220; global_colors_info=&#8220;{}&#8220;][et_pb_row custom_padding_last_edited=&#8220;off|desktop&#8220; admin_label=&#8220;Services Row&#8220; _builder_version=&#8220;4.17.4&#8243; max_width=&#8220;80%&#8220; custom_margin=&#8220;|||&#8220; custom_padding_tablet=&#8220;||0px|&#8220; custom_padding_phone=&#8220;||0px|&#8220; custom_css_main_element=&#8220;z-index: 999;&#8220; use_custom_width=&#8220;on&#8220; width_unit=&#8220;off&#8220; global_colors_info=&#8220;{}&#8220;][et_pb_column type=&#8220;4_4&#8243; module_class=&#8220;pa-hover-section&#8220; _builder_version=&#8220;4.16&#8243; custom_padding=&#8220;|||&#8220; custom_padding_tablet=&#8220;60px|||&#8220; custom_padding_phone=&#8220;40px|||&#8220; custom_padding_last_edited=&#8220;on|phone&#8220; global_colors_info=&#8220;{}&#8220; padding_phone=&#8220;40px|||&#8220; padding_tablet=&#8220;60px|||&#8220; padding_last_edited=&#8220;on|phone&#8220; custom_padding__hover=&#8220;|||&#8220;][et_pb_text _builder_version=&#8220;4.17.4&#8243; _module_preset=&#8220;default&#8220; global_colors_info=&#8220;{}&#8220;]<iframe loading=\"lazy\" src=\"https:\/\/www.google.com\/maps\/d\/u\/0\/embed?mid=1lfUgVmx1otvYGin_SSFthxWrKBgHe6c&amp;ehbc=2E312F\" width=\"100%\" height=\"650\"><\/iframe>[\/et_pb_text][\/et_pb_column][\/et_pb_row][\/et_pb_section]<\/p>\n","protected":false},"excerpt":{"rendered":"<p>EinsatzorTeWir machen Industrie. Weltweit. Rund um den Globus sind wir f\u00fcr zahlreiche Unternehmen t\u00e4tig. Hier finden Sie eine Auswahl der St\u00e4dte, in denen wir f\u00fcr unsere Kunden verschiedene Anlagenprojekte realisiert haben.<\/p>","protected":false},"author":1,"featured_media":665,"parent":0,"menu_order":0,"comment_status":"closed","ping_status":"closed","template":"","meta":{"_et_pb_use_builder":"on","_et_pb_old_content":"<!-- wp:divi\/placeholder \/-->","_et_gb_content_width":"","footnotes":""},"class_list":["post-98","page","type-page","status-publish","has-post-thumbnail","hentry"],"yoast_head":"<!-- This site is optimized with the Yoast SEO plugin v27.3 - https:\/\/yoast.com\/product\/yoast-seo-wordpress\/ -->\n<title>Einsatzorte &#8226; DG-Industries Group<\/title>\n<meta name=\"robots\" content=\"index, follow, max-snippet:-1, max-image-preview:large, max-video-preview:-1\" \/>\n<link rel=\"canonical\" href=\"https:\/\/dg-industries.net\/en\/einsatzorte\/\" \/>\n<meta property=\"og:locale\" content=\"en_GB\" \/>\n<meta property=\"og:type\" content=\"article\" \/>\n<meta property=\"og:title\" content=\"Einsatzorte &#8226; DG-Industries Group\" \/>\n<meta property=\"og:description\" content=\"EinsatzorTeWir machen Industrie. Weltweit. Rund um den Globus sind wir f\u00fcr zahlreiche Unternehmen t\u00e4tig. Hier finden Sie eine Auswahl der St\u00e4dte, in denen wir f\u00fcr unsere Kunden verschiedene Anlagenprojekte realisiert haben.\" \/>\n<meta property=\"og:url\" content=\"https:\/\/dg-industries.net\/en\/einsatzorte\/\" \/>\n<meta property=\"og:site_name\" content=\"DG-Industries Group\" \/>\n<meta property=\"article:publisher\" content=\"https:\/\/www.facebook.com\/dgindustries.gmbh\" \/>\n<meta property=\"article:modified_time\" content=\"2022-11-21T19:11:06+00:00\" \/>\n<meta property=\"og:image\" content=\"https:\/\/dg-industries.net\/wp-content\/uploads\/2022\/09\/map-of-the-world-g1d8a8ae18_1920.jpg\" \/>\n\t<meta property=\"og:image:width\" content=\"1920\" \/>\n\t<meta property=\"og:image:height\" content=\"1151\" \/>\n\t<meta property=\"og:image:type\" content=\"image\/jpeg\" \/>\n<meta name=\"twitter:card\" content=\"summary_large_image\" \/>\n<meta name=\"twitter:site\" content=\"@dgrobotic\" \/>\n<meta name=\"twitter:label1\" content=\"Estimated reading time\" \/>\n\t<meta name=\"twitter:data1\" content=\"2 minutes\" \/>\n<script type=\"application\/ld+json\" class=\"yoast-schema-graph\">{\"@context\":\"https:\\\/\\\/schema.org\",\"@graph\":[{\"@type\":\"WebPage\",\"@id\":\"https:\\\/\\\/dg-industries.net\\\/einsatzorte\\\/\",\"url\":\"https:\\\/\\\/dg-industries.net\\\/einsatzorte\\\/\",\"name\":\"Einsatzorte &#8226; DG-Industries Group\",\"isPartOf\":{\"@id\":\"https:\\\/\\\/dg-industries.net\\\/#website\"},\"primaryImageOfPage\":{\"@id\":\"https:\\\/\\\/dg-industries.net\\\/einsatzorte\\\/#primaryimage\"},\"image\":{\"@id\":\"https:\\\/\\\/dg-industries.net\\\/einsatzorte\\\/#primaryimage\"},\"thumbnailUrl\":\"https:\\\/\\\/dg-industries.net\\\/wp-content\\\/uploads\\\/2022\\\/09\\\/map-of-the-world-g1d8a8ae18_1920.jpg\",\"datePublished\":\"2019-12-13T17:46:31+00:00\",\"dateModified\":\"2022-11-21T19:11:06+00:00\",\"breadcrumb\":{\"@id\":\"https:\\\/\\\/dg-industries.net\\\/einsatzorte\\\/#breadcrumb\"},\"inLanguage\":\"en-GB\",\"potentialAction\":[{\"@type\":\"ReadAction\",\"target\":[\"https:\\\/\\\/dg-industries.net\\\/einsatzorte\\\/\"]}]},{\"@type\":\"ImageObject\",\"inLanguage\":\"en-GB\",\"@id\":\"https:\\\/\\\/dg-industries.net\\\/einsatzorte\\\/#primaryimage\",\"url\":\"https:\\\/\\\/dg-industries.net\\\/wp-content\\\/uploads\\\/2022\\\/09\\\/map-of-the-world-g1d8a8ae18_1920.jpg\",\"contentUrl\":\"https:\\\/\\\/dg-industries.net\\\/wp-content\\\/uploads\\\/2022\\\/09\\\/map-of-the-world-g1d8a8ae18_1920.jpg\",\"width\":1920,\"height\":1151},{\"@type\":\"BreadcrumbList\",\"@id\":\"https:\\\/\\\/dg-industries.net\\\/einsatzorte\\\/#breadcrumb\",\"itemListElement\":[{\"@type\":\"ListItem\",\"position\":1,\"name\":\"Startseite\",\"item\":\"https:\\\/\\\/dg-industries.net\\\/\"},{\"@type\":\"ListItem\",\"position\":2,\"name\":\"Einsatzorte\"}]},{\"@type\":\"WebSite\",\"@id\":\"https:\\\/\\\/dg-industries.net\\\/#website\",\"url\":\"https:\\\/\\\/dg-industries.net\\\/\",\"name\":\"DG-Industries: Automation and Robotic Solutions\",\"description\":\"\",\"publisher\":{\"@id\":\"https:\\\/\\\/dg-industries.net\\\/#organization\"},\"potentialAction\":[{\"@type\":\"SearchAction\",\"target\":{\"@type\":\"EntryPoint\",\"urlTemplate\":\"https:\\\/\\\/dg-industries.net\\\/?s={search_term_string}\"},\"query-input\":{\"@type\":\"PropertyValueSpecification\",\"valueRequired\":true,\"valueName\":\"search_term_string\"}}],\"inLanguage\":\"en-GB\"},{\"@type\":\"Organization\",\"@id\":\"https:\\\/\\\/dg-industries.net\\\/#organization\",\"name\":\"DG-Industries: Automation and Robotic Solutions\",\"url\":\"https:\\\/\\\/dg-industries.net\\\/\",\"logo\":{\"@type\":\"ImageObject\",\"inLanguage\":\"en-GB\",\"@id\":\"https:\\\/\\\/dg-industries.net\\\/#\\\/schema\\\/logo\\\/image\\\/\",\"url\":\"https:\\\/\\\/dg-industries.net\\\/wp-content\\\/uploads\\\/2022\\\/11\\\/dgi-logo-shwarz.png\",\"contentUrl\":\"https:\\\/\\\/dg-industries.net\\\/wp-content\\\/uploads\\\/2022\\\/11\\\/dgi-logo-shwarz.png\",\"width\":1599,\"height\":349,\"caption\":\"DG-Industries: Automation and Robotic Solutions\"},\"image\":{\"@id\":\"https:\\\/\\\/dg-industries.net\\\/#\\\/schema\\\/logo\\\/image\\\/\"},\"sameAs\":[\"https:\\\/\\\/www.facebook.com\\\/dgindustries.gmbh\",\"https:\\\/\\\/x.com\\\/dgrobotic\",\"https:\\\/\\\/www.instagram.com\\\/dgindustries.gmbh\\\/\",\"https:\\\/\\\/www.linkedin.com\\\/company\\\/dg-industries-gmbh\"]}]}<\/script>\n<!-- \/ Yoast SEO plugin. -->","yoast_head_json":{"title":"Einsatzorte &#8226; DG-Industries Group","robots":{"index":"index","follow":"follow","max-snippet":"max-snippet:-1","max-image-preview":"max-image-preview:large","max-video-preview":"max-video-preview:-1"},"canonical":"https:\/\/dg-industries.net\/en\/einsatzorte\/","og_locale":"en_GB","og_type":"article","og_title":"Einsatzorte &#8226; DG-Industries Group","og_description":"EinsatzorTeWir machen Industrie. Weltweit. Rund um den Globus sind wir f\u00fcr zahlreiche Unternehmen t\u00e4tig. Hier finden Sie eine Auswahl der St\u00e4dte, in denen wir f\u00fcr unsere Kunden verschiedene Anlagenprojekte realisiert haben.","og_url":"https:\/\/dg-industries.net\/en\/einsatzorte\/","og_site_name":"DG-Industries Group","article_publisher":"https:\/\/www.facebook.com\/dgindustries.gmbh","article_modified_time":"2022-11-21T19:11:06+00:00","og_image":[{"width":1920,"height":1151,"url":"https:\/\/dg-industries.net\/wp-content\/uploads\/2022\/09\/map-of-the-world-g1d8a8ae18_1920.jpg","type":"image\/jpeg"}],"twitter_card":"summary_large_image","twitter_site":"@dgrobotic","twitter_misc":{"Estimated reading time":"2 minutes"},"schema":{"@context":"https:\/\/schema.org","@graph":[{"@type":"WebPage","@id":"https:\/\/dg-industries.net\/einsatzorte\/","url":"https:\/\/dg-industries.net\/einsatzorte\/","name":"Einsatzorte &#8226; DG-Industries Group","isPartOf":{"@id":"https:\/\/dg-industries.net\/#website"},"primaryImageOfPage":{"@id":"https:\/\/dg-industries.net\/einsatzorte\/#primaryimage"},"image":{"@id":"https:\/\/dg-industries.net\/einsatzorte\/#primaryimage"},"thumbnailUrl":"https:\/\/dg-industries.net\/wp-content\/uploads\/2022\/09\/map-of-the-world-g1d8a8ae18_1920.jpg","datePublished":"2019-12-13T17:46:31+00:00","dateModified":"2022-11-21T19:11:06+00:00","breadcrumb":{"@id":"https:\/\/dg-industries.net\/einsatzorte\/#breadcrumb"},"inLanguage":"en-GB","potentialAction":[{"@type":"ReadAction","target":["https:\/\/dg-industries.net\/einsatzorte\/"]}]},{"@type":"ImageObject","inLanguage":"en-GB","@id":"https:\/\/dg-industries.net\/einsatzorte\/#primaryimage","url":"https:\/\/dg-industries.net\/wp-content\/uploads\/2022\/09\/map-of-the-world-g1d8a8ae18_1920.jpg","contentUrl":"https:\/\/dg-industries.net\/wp-content\/uploads\/2022\/09\/map-of-the-world-g1d8a8ae18_1920.jpg","width":1920,"height":1151},{"@type":"BreadcrumbList","@id":"https:\/\/dg-industries.net\/einsatzorte\/#breadcrumb","itemListElement":[{"@type":"ListItem","position":1,"name":"Startseite","item":"https:\/\/dg-industries.net\/"},{"@type":"ListItem","position":2,"name":"Einsatzorte"}]},{"@type":"WebSite","@id":"https:\/\/dg-industries.net\/#website","url":"https:\/\/dg-industries.net\/","name":"DG-Industries: Automation and Robotic Solutions","description":"","publisher":{"@id":"https:\/\/dg-industries.net\/#organization"},"potentialAction":[{"@type":"SearchAction","target":{"@type":"EntryPoint","urlTemplate":"https:\/\/dg-industries.net\/?s={search_term_string}"},"query-input":{"@type":"PropertyValueSpecification","valueRequired":true,"valueName":"search_term_string"}}],"inLanguage":"en-GB"},{"@type":"Organization","@id":"https:\/\/dg-industries.net\/#organization","name":"DG-Industries: Automation and Robotic Solutions","url":"https:\/\/dg-industries.net\/","logo":{"@type":"ImageObject","inLanguage":"en-GB","@id":"https:\/\/dg-industries.net\/#\/schema\/logo\/image\/","url":"https:\/\/dg-industries.net\/wp-content\/uploads\/2022\/11\/dgi-logo-shwarz.png","contentUrl":"https:\/\/dg-industries.net\/wp-content\/uploads\/2022\/11\/dgi-logo-shwarz.png","width":1599,"height":349,"caption":"DG-Industries: Automation and Robotic Solutions"},"image":{"@id":"https:\/\/dg-industries.net\/#\/schema\/logo\/image\/"},"sameAs":["https:\/\/www.facebook.com\/dgindustries.gmbh","https:\/\/x.com\/dgrobotic","https:\/\/www.instagram.com\/dgindustries.gmbh\/","https:\/\/www.linkedin.com\/company\/dg-industries-gmbh"]}]}},"_links":{"self":[{"href":"https:\/\/dg-industries.net\/en\/wp-json\/wp\/v2\/pages\/98","targetHints":{"allow":["GET"]}}],"collection":[{"href":"https:\/\/dg-industries.net\/en\/wp-json\/wp\/v2\/pages"}],"about":[{"href":"https:\/\/dg-industries.net\/en\/wp-json\/wp\/v2\/types\/page"}],"author":[{"embeddable":true,"href":"https:\/\/dg-industries.net\/en\/wp-json\/wp\/v2\/users\/1"}],"replies":[{"embeddable":true,"href":"https:\/\/dg-industries.net\/en\/wp-json\/wp\/v2\/comments?post=98"}],"version-history":[{"count":11,"href":"https:\/\/dg-industries.net\/en\/wp-json\/wp\/v2\/pages\/98\/revisions"}],"predecessor-version":[{"id":1548,"href":"https:\/\/dg-industries.net\/en\/wp-json\/wp\/v2\/pages\/98\/revisions\/1548"}],"wp:featuredmedia":[{"embeddable":true,"href":"https:\/\/dg-industries.net\/en\/wp-json\/wp\/v2\/media\/665"}],"wp:attachment":[{"href":"https:\/\/dg-industries.net\/en\/wp-json\/wp\/v2\/media?parent=98"}],"curies":[{"name":"wp","href":"https:\/\/api.w.org\/{rel}","templated":true}]}}